{"id":2001,"date":"2025-09-16T12:50:41","date_gmt":"2025-09-16T12:50:41","guid":{"rendered":"https:\/\/flic.vote\/?page_id=2001"},"modified":"2025-09-16T12:51:53","modified_gmt":"2025-09-16T12:51:53","slug":"check-your-voter-status","status":"publish","type":"page","link":"https:\/\/flic.vote\/pt\/check-your-voter-status\/","title":{"rendered":"Verifique seu status de eleitor"},"content":{"rendered":"<div data-elementor-type=\"wp-page\" data-elementor-id=\"2001\" class=\"elementor elementor-2001\" data-elementor-post-type=\"page\">\n\t\t\t\t\t\t<section class=\"elementor-section elementor-top-section elementor-element elementor-element-09fd130 elementor-section-boxed elementor-section-height-default elementor-section-height-default\" data-id=\"09fd130\" data-element_type=\"section\">\n\t\t\t\t\t\t<div class=\"elementor-container elementor-column-gap-default\">\n\t\t\t\t\t<div class=\"elementor-column elementor-col-50 elementor-top-column elementor-element elementor-element-edd3475\" data-id=\"edd3475\" data-element_type=\"column\">\n\t\t\t<div class=\"elementor-widget-wrap elementor-element-populated\">\n\t\t\t\t\t\t<div class=\"elementor-element elementor-element-01c9dd0 elementor-widget elementor-widget-text-editor\" data-id=\"01c9dd0\" data-element_type=\"widget\" data-widget_type=\"text-editor.default\">\n\t\t\t\t<div class=\"elementor-widget-container\">\n\t\t\t\t\t\t\t\t\t<p><span style=\"font-weight: 400;\">Reserve um momento para <\/span><b>Verifique sua situa\u00e7\u00e3o cadastral eleitoral.<\/b><span style=\"font-weight: 400;\"> e confirme que seu nome consta como eleitor ativo.<\/span><\/p><p><span style=\"font-weight: 400;\">Com elei\u00e7\u00f5es importantes pela frente, \u00e9 essencial manter-se informado e preparado.<\/span><\/p>\t\t\t\t\t\t\t\t<\/div>\n\t\t\t\t<\/div>\n\t\t\t\t\t<\/div>\n\t\t<\/div>\n\t\t\t\t<div class=\"elementor-column elementor-col-50 elementor-top-column elementor-element elementor-element-43972b3\" data-id=\"43972b3\" data-element_type=\"column\">\n\t\t\t<div class=\"elementor-widget-wrap elementor-element-populated\">\n\t\t\t\t\t\t<div class=\"elementor-element elementor-element-ed3cc46 elementor-widget elementor-widget-html\" data-id=\"ed3cc46\" data-element_type=\"widget\" data-widget_type=\"html.default\">\n\t\t\t\t<div class=\"elementor-widget-container\">\n\t\t\t\t\t<link rel='preload' href='https:\/\/static.everyaction.com\/ea-actiontag\/at.js' as='script' crossorigin='anonymous'>\n <link rel='preload' href='https:\/\/static.everyaction.com\/ea-actiontag\/at.min.css' as='style'>\n <script type='text\/javascript' src='https:\/\/static.everyaction.com\/ea-actiontag\/at.js' crossorigin='anonymous'><\/script>\n <link rel='preload' href='https:\/\/nvlupin.blob.core.windows.net\/designs\/CustomStylesheet_59b9b6652237f4d3f99e4a4fd4ff8226a80b0c8492a2499f229bb760a7026c18.css' as='style'>\n <div class=\"ngp-form\"\n     data-form-url=\"https:\/\/secure.everyaction.com\/v1\/Forms\/y1lDyH9040y07MXG6q8cSA2\"\n             data-custom-css='https:\/\/nvlupin.blob.core.windows.net\/designs\/CustomStylesheet_59b9b6652237f4d3f99e4a4fd4ff8226a80b0c8492a2499f229bb760a7026c18.css'\n     data-fastaction-endpoint=\"https:\/\/fastaction.ngpvan.com\"\n     data-inline-errors=\"true\"\n     data-fastaction-nologin=\"true\"\n          data-mobile-autofocus=\"false\">\n<\/div>\n\t\t\t\t<\/div>\n\t\t\t\t<\/div>\n\t\t\t\t\t<\/div>\n\t\t<\/div>\n\t\t\t\t\t<\/div>\n\t\t<\/section>\n\t\t\t\t<\/div>","protected":false},"excerpt":{"rendered":"<p>Reserve um momento para verificar seu status de registro eleitoral e confirmar que voc\u00ea est\u00e1 listado como eleitor ativo. Com elei\u00e7\u00f5es importantes pela frente, \u00e9 essencial manter-se informado e preparado.<\/p>","protected":false},"author":1,"featured_media":0,"parent":0,"menu_order":0,"comment_status":"closed","ping_status":"closed","template":"","meta":{"footnotes":""},"categories":[],"tags":[],"class_list":["post-2001","page","type-page","status-publish","hentry"],"yoast_head":"<!-- This site is optimized with the Yoast SEO plugin v25.9 - https:\/\/yoast.com\/wordpress\/plugins\/seo\/ -->\n<title>Check Your Voter Status - Teach Vote Rise<\/title>\n<meta name=\"robots\" content=\"index, follow, max-snippet:-1, max-image-preview:large, max-video-preview:-1\" \/>\n<link rel=\"canonical\" href=\"https:\/\/flic.vote\/pt\/check-your-voter-status\/\" \/>\n<meta property=\"og:locale\" content=\"pt_BR\" \/>\n<meta property=\"og:type\" content=\"article\" \/>\n<meta property=\"og:title\" content=\"Check Your Voter Status - Teach Vote Rise\" \/>\n<meta property=\"og:description\" content=\"Take a moment to verify your voter registration status and confirm that you&#8217;re listed as an active voter. With important elections ahead, it&#8217;s essential to stay informed and prepared.\" \/>\n<meta property=\"og:url\" content=\"https:\/\/flic.vote\/pt\/check-your-voter-status\/\" \/>\n<meta property=\"og:site_name\" content=\"Teach Vote Rise\" \/>\n<meta property=\"article:publisher\" content=\"https:\/\/www.facebook.com\/FloridaImmigrantCoalition\" \/>\n<meta property=\"article:modified_time\" content=\"2025-09-16T12:51:53+00:00\" \/>\n<meta property=\"og:image\" content=\"https:\/\/flic.vote\/wp-content\/uploads\/2020\/05\/flic-votes-fb.jpg\" \/>\n\t<meta property=\"og:image:width\" content=\"1200\" \/>\n\t<meta property=\"og:image:height\" content=\"630\" \/>\n\t<meta property=\"og:image:type\" content=\"image\/jpeg\" \/>\n<meta name=\"twitter:card\" content=\"summary_large_image\" \/>\n<meta name=\"twitter:site\" content=\"@FLImmigrant\" \/>\n<meta name=\"twitter:label1\" content=\"Est. tempo de leitura\" \/>\n\t<meta name=\"twitter:data1\" content=\"1 minuto\" \/>\n<script type=\"application\/ld+json\" class=\"yoast-schema-graph\">{\"@context\":\"https:\/\/schema.org\",\"@graph\":[{\"@type\":\"WebPage\",\"@id\":\"https:\/\/flic.vote\/pt\/check-your-voter-status\/\",\"url\":\"https:\/\/flic.vote\/pt\/check-your-voter-status\/\",\"name\":\"Check Your Voter Status - Teach Vote Rise\",\"isPartOf\":{\"@id\":\"https:\/\/flic.vote\/pt\/#website\"},\"datePublished\":\"2025-09-16T12:50:41+00:00\",\"dateModified\":\"2025-09-16T12:51:53+00:00\",\"breadcrumb\":{\"@id\":\"https:\/\/flic.vote\/pt\/check-your-voter-status\/#breadcrumb\"},\"inLanguage\":\"pt-BR\",\"potentialAction\":[{\"@type\":\"ReadAction\",\"target\":[\"https:\/\/flic.vote\/pt\/check-your-voter-status\/\"]}]},{\"@type\":\"BreadcrumbList\",\"@id\":\"https:\/\/flic.vote\/pt\/check-your-voter-status\/#breadcrumb\",\"itemListElement\":[{\"@type\":\"ListItem\",\"position\":1,\"name\":\"Home\",\"item\":\"https:\/\/flic.vote\/ht\/\"},{\"@type\":\"ListItem\",\"position\":2,\"name\":\"Check Your Voter Status\"}]},{\"@type\":\"WebSite\",\"@id\":\"https:\/\/flic.vote\/pt\/#website\",\"url\":\"https:\/\/flic.vote\/pt\/\",\"name\":\"Teach Vote Rise\",\"description\":\"\",\"publisher\":{\"@id\":\"https:\/\/flic.vote\/pt\/#organization\"},\"potentialAction\":[{\"@type\":\"SearchAction\",\"target\":{\"@type\":\"EntryPoint\",\"urlTemplate\":\"https:\/\/flic.vote\/pt\/?s={search_term_string}\"},\"query-input\":{\"@type\":\"PropertyValueSpecification\",\"valueRequired\":true,\"valueName\":\"search_term_string\"}}],\"inLanguage\":\"pt-BR\"},{\"@type\":\"Organization\",\"@id\":\"https:\/\/flic.vote\/pt\/#organization\",\"name\":\"FLIC Vote\",\"url\":\"https:\/\/flic.vote\/pt\/\",\"logo\":{\"@type\":\"ImageObject\",\"inLanguage\":\"pt-BR\",\"@id\":\"https:\/\/flic.vote\/pt\/#\/schema\/logo\/image\/\",\"url\":\"https:\/\/flic.vote\/wp-content\/uploads\/2020\/04\/flic-logo-web.png\",\"contentUrl\":\"https:\/\/flic.vote\/wp-content\/uploads\/2020\/04\/flic-logo-web.png\",\"width\":454,\"height\":420,\"caption\":\"FLIC Vote\"},\"image\":{\"@id\":\"https:\/\/flic.vote\/pt\/#\/schema\/logo\/image\/\"},\"sameAs\":[\"https:\/\/www.facebook.com\/FloridaImmigrantCoalition\",\"https:\/\/x.com\/FLImmigrant\"]}]}<\/script>\n<!-- \/ Yoast SEO plugin. -->","yoast_head_json":{"title":"Check Your Voter Status - Teach Vote Rise","robots":{"index":"index","follow":"follow","max-snippet":"max-snippet:-1","max-image-preview":"max-image-preview:large","max-video-preview":"max-video-preview:-1"},"canonical":"https:\/\/flic.vote\/pt\/check-your-voter-status\/","og_locale":"pt_BR","og_type":"article","og_title":"Check Your Voter Status - Teach Vote Rise","og_description":"Take a moment to verify your voter registration status and confirm that you&#8217;re listed as an active voter. With important elections ahead, it&#8217;s essential to stay informed and prepared.","og_url":"https:\/\/flic.vote\/pt\/check-your-voter-status\/","og_site_name":"Teach Vote Rise","article_publisher":"https:\/\/www.facebook.com\/FloridaImmigrantCoalition","article_modified_time":"2025-09-16T12:51:53+00:00","og_image":[{"width":1200,"height":630,"url":"https:\/\/flic.vote\/wp-content\/uploads\/2020\/05\/flic-votes-fb.jpg","type":"image\/jpeg"}],"twitter_card":"summary_large_image","twitter_site":"@FLImmigrant","twitter_misc":{"Est. tempo de leitura":"1 minuto"},"schema":{"@context":"https:\/\/schema.org","@graph":[{"@type":"WebPage","@id":"https:\/\/flic.vote\/pt\/check-your-voter-status\/","url":"https:\/\/flic.vote\/pt\/check-your-voter-status\/","name":"Check Your Voter Status - Teach Vote Rise","isPartOf":{"@id":"https:\/\/flic.vote\/pt\/#website"},"datePublished":"2025-09-16T12:50:41+00:00","dateModified":"2025-09-16T12:51:53+00:00","breadcrumb":{"@id":"https:\/\/flic.vote\/pt\/check-your-voter-status\/#breadcrumb"},"inLanguage":"pt-BR","potentialAction":[{"@type":"ReadAction","target":["https:\/\/flic.vote\/pt\/check-your-voter-status\/"]}]},{"@type":"BreadcrumbList","@id":"https:\/\/flic.vote\/pt\/check-your-voter-status\/#breadcrumb","itemListElement":[{"@type":"ListItem","position":1,"name":"Home","item":"https:\/\/flic.vote\/ht\/"},{"@type":"ListItem","position":2,"name":"Check Your Voter Status"}]},{"@type":"WebSite","@id":"https:\/\/flic.vote\/pt\/#website","url":"https:\/\/flic.vote\/pt\/","name":"Ensine a Votar em Movimento","description":"","publisher":{"@id":"https:\/\/flic.vote\/pt\/#organization"},"potentialAction":[{"@type":"SearchAction","target":{"@type":"EntryPoint","urlTemplate":"https:\/\/flic.vote\/pt\/?s={search_term_string}"},"query-input":{"@type":"PropertyValueSpecification","valueRequired":true,"valueName":"search_term_string"}}],"inLanguage":"pt-BR"},{"@type":"Organization","@id":"https:\/\/flic.vote\/pt\/#organization","name":"Vota\u00e7\u00e3o FLIC","url":"https:\/\/flic.vote\/pt\/","logo":{"@type":"ImageObject","inLanguage":"pt-BR","@id":"https:\/\/flic.vote\/pt\/#\/schema\/logo\/image\/","url":"https:\/\/flic.vote\/wp-content\/uploads\/2020\/04\/flic-logo-web.png","contentUrl":"https:\/\/flic.vote\/wp-content\/uploads\/2020\/04\/flic-logo-web.png","width":454,"height":420,"caption":"FLIC Vote"},"image":{"@id":"https:\/\/flic.vote\/pt\/#\/schema\/logo\/image\/"},"sameAs":["https:\/\/www.facebook.com\/FloridaImmigrantCoalition","https:\/\/x.com\/FLImmigrant"]}]}},"_links":{"self":[{"href":"https:\/\/flic.vote\/pt\/wp-json\/wp\/v2\/pages\/2001","targetHints":{"allow":["GET"]}}],"collection":[{"href":"https:\/\/flic.vote\/pt\/wp-json\/wp\/v2\/pages"}],"about":[{"href":"https:\/\/flic.vote\/pt\/wp-json\/wp\/v2\/types\/page"}],"author":[{"embeddable":true,"href":"https:\/\/flic.vote\/pt\/wp-json\/wp\/v2\/users\/1"}],"replies":[{"embeddable":true,"href":"https:\/\/flic.vote\/pt\/wp-json\/wp\/v2\/comments?post=2001"}],"version-history":[{"count":4,"href":"https:\/\/flic.vote\/pt\/wp-json\/wp\/v2\/pages\/2001\/revisions"}],"predecessor-version":[{"id":2005,"href":"https:\/\/flic.vote\/pt\/wp-json\/wp\/v2\/pages\/2001\/revisions\/2005"}],"wp:attachment":[{"href":"https:\/\/flic.vote\/pt\/wp-json\/wp\/v2\/media?parent=2001"}],"wp:term":[{"taxonomy":"category","embeddable":true,"href":"https:\/\/flic.vote\/pt\/wp-json\/wp\/v2\/categories?post=2001"},{"taxonomy":"post_tag","embeddable":true,"href":"https:\/\/flic.vote\/pt\/wp-json\/wp\/v2\/tags?post=2001"}],"curies":[{"name":"wp","href":"https:\/\/api.w.org\/{rel}","templated":true}]}}