{"id":1237,"date":"2022-03-25T14:01:26","date_gmt":"2022-03-25T14:01:26","guid":{"rendered":"https:\/\/flic.vote\/?page_id=1237"},"modified":"2025-09-15T19:55:02","modified_gmt":"2025-09-15T19:55:02","slug":"register-new","status":"publish","type":"page","link":"https:\/\/flic.vote\/pt\/register\/","title":{"rendered":"Registre-se para votar"},"content":{"rendered":"<div data-elementor-type=\"wp-page\" data-elementor-id=\"1237\" class=\"elementor elementor-1237\" data-elementor-post-type=\"page\">\n\t\t\t\t\t\t<section class=\"elementor-section elementor-top-section elementor-element elementor-element-4429525 elementor-section-full_width elementor-section-height-default elementor-section-height-default\" data-id=\"4429525\" data-element_type=\"section\" data-e-type=\"section\">\n\t\t\t\t\t\t<div class=\"elementor-container elementor-column-gap-default\">\n\t\t\t\t\t<div class=\"elementor-column elementor-col-100 elementor-top-column elementor-element elementor-element-4403a96\" data-id=\"4403a96\" data-element_type=\"column\" data-e-type=\"column\">\n\t\t\t<div class=\"elementor-widget-wrap elementor-element-populated\">\n\t\t\t\t\t\t<section class=\"elementor-section elementor-inner-section elementor-element elementor-element-2569c56 elementor-section-boxed elementor-section-height-default elementor-section-height-default\" data-id=\"2569c56\" data-element_type=\"section\" data-e-type=\"section\">\n\t\t\t\t\t\t<div class=\"elementor-container elementor-column-gap-default\">\n\t\t\t\t\t<div class=\"elementor-column elementor-col-100 elementor-inner-column elementor-element elementor-element-09ff902\" data-id=\"09ff902\" data-element_type=\"column\" data-e-type=\"column\">\n\t\t\t<div class=\"elementor-widget-wrap elementor-element-populated\">\n\t\t\t\t\t\t<div class=\"elementor-element elementor-element-8e04385 elementor-widget elementor-widget-text-editor\" data-id=\"8e04385\" data-element_type=\"widget\" data-e-type=\"widget\" data-no-translation=\"\" data-widget_type=\"text-editor.default\">\n\t\t\t\t<div class=\"elementor-widget-container\">\n\t\t\t\t\t<style>.elementor-element-8e04385{display:none !important}<\/style>\t\t\t\t<\/div>\n\t\t\t\t<\/div>\n\t\t\t\t\t<\/div>\n\t\t<\/div>\n\t\t\t\t\t<\/div>\n\t\t<\/section>\n\t\t\t\t<section class=\"elementor-section elementor-inner-section elementor-element elementor-element-afaad35 elementor-section-boxed elementor-section-height-default elementor-section-height-default\" data-id=\"afaad35\" data-element_type=\"section\" data-e-type=\"section\">\n\t\t\t\t\t\t<div class=\"elementor-container elementor-column-gap-default\">\n\t\t\t\t\t<div class=\"elementor-column elementor-col-50 elementor-inner-column elementor-element elementor-element-e9b742a\" data-id=\"e9b742a\" data-element_type=\"column\" data-e-type=\"column\">\n\t\t\t<div class=\"elementor-widget-wrap elementor-element-populated\">\n\t\t\t\t\t\t<div class=\"elementor-element elementor-element-30150d9 elementor-widget elementor-widget-text-editor\" data-id=\"30150d9\" data-element_type=\"widget\" data-e-type=\"widget\" data-widget_type=\"text-editor.default\">\n\t\t\t\t<div class=\"elementor-widget-container\">\n\t\t\t\t\t\t\t\t\t<p>Para se registrar para votar online na Fl\u00f3rida, preencha o formul\u00e1rio nesta p\u00e1gina. Na pr\u00f3xima p\u00e1gina, preencha o formul\u00e1rio oficial de registro de eleitores online do Estado da Fl\u00f3rida, que voc\u00ea deve preencher para se registrar para votar.<\/p>\t\t\t\t\t\t\t\t<\/div>\n\t\t\t\t<\/div>\n\t\t\t\t\t<\/div>\n\t\t<\/div>\n\t\t\t\t<div class=\"elementor-column elementor-col-50 elementor-inner-column elementor-element elementor-element-1409b5f\" data-id=\"1409b5f\" data-element_type=\"column\" data-e-type=\"column\">\n\t\t\t<div class=\"elementor-widget-wrap elementor-element-populated\">\n\t\t\t\t\t\t<div class=\"elementor-element elementor-element-46bb073 elementor-widget elementor-widget-html\" data-id=\"46bb073\" data-element_type=\"widget\" data-e-type=\"widget\" data-widget_type=\"html.default\">\n\t\t\t\t<div class=\"elementor-widget-container\">\n\t\t\t\t\t<link rel='preload' href='https:\/\/static.everyaction.com\/ea-actiontag\/at.js' as='script' crossorigin='anonymous'>\n <link rel='preload' href='https:\/\/static.everyaction.com\/ea-actiontag\/at.min.css' as='style'>\n <script type='text\/javascript' src='https:\/\/static.everyaction.com\/ea-actiontag\/at.js' crossorigin='anonymous'><\/script>\n <div class=\"ngp-form\"\n     data-form-url=\"https:\/\/secure.everyaction.com\/v1\/Forms\/UNROFWAWlUa5bpJbcM3qVw2\"\n     data-fastaction-endpoint=\"https:\/\/fastaction.ngpvan.com\"\n     data-inline-errors=\"true\"\n     data-fastaction-nologin=\"true\"\n     data-databag-endpoint=\"https:\/\/profile.ngpvan.com\"\n     data-databag=\"everybody\"\n          data-mobile-autofocus=\"false\">\n<\/div>\t\t\t\t<\/div>\n\t\t\t\t<\/div>\n\t\t\t\t\t<\/div>\n\t\t<\/div>\n\t\t\t\t\t<\/div>\n\t\t<\/section>\n\t\t\t\t\t<\/div>\n\t\t<\/div>\n\t\t\t\t\t<\/div>\n\t\t<\/section>\n\t\t\t\t<\/div>","protected":false},"excerpt":{"rendered":"<p>Use the form below to register to vote for future elections. Learn everything you need to know before you register to vote by clicking here. To register to vote in Florida online, fill out the form on this page. On the next page, fill out the State of Florida&#8217;s official online voter registration form, which [&hellip;]<\/p>\n","protected":false},"author":1,"featured_media":0,"parent":0,"menu_order":0,"comment_status":"closed","ping_status":"closed","template":"","meta":{"footnotes":""},"categories":[],"tags":[],"class_list":["post-1237","page","type-page","status-publish","hentry"],"yoast_head":"<!-- This site is optimized with the Yoast SEO plugin v27.5 - https:\/\/yoast.com\/product\/yoast-seo-wordpress\/ -->\n<title>Register To Vote - Teach Vote Rise<\/title>\n<meta name=\"robots\" content=\"index, follow, max-snippet:-1, max-image-preview:large, max-video-preview:-1\" \/>\n<link rel=\"canonical\" href=\"https:\/\/flic.vote\/pt\/register\/\" \/>\n<meta property=\"og:locale\" content=\"pt_BR\" \/>\n<meta property=\"og:type\" content=\"article\" \/>\n<meta property=\"og:title\" content=\"Register To Vote - Teach Vote Rise\" \/>\n<meta property=\"og:description\" content=\"Use the form below to register to vote for future elections. Learn everything you need to know before you register to vote by clicking here. To register to vote in Florida online, fill out the form on this page. On the next page, fill out the State of Florida&#8217;s official online voter registration form, which [&hellip;]\" \/>\n<meta property=\"og:url\" content=\"https:\/\/flic.vote\/pt\/register\/\" \/>\n<meta property=\"og:site_name\" content=\"Teach Vote Rise\" \/>\n<meta property=\"article:publisher\" content=\"https:\/\/www.facebook.com\/FloridaImmigrantCoalition\" \/>\n<meta property=\"article:modified_time\" content=\"2025-09-15T19:55:02+00:00\" \/>\n<meta property=\"og:image\" content=\"https:\/\/flic.vote\/wp-content\/uploads\/2020\/05\/flic-votes-fb.jpg\" \/>\n\t<meta property=\"og:image:width\" content=\"1200\" \/>\n\t<meta property=\"og:image:height\" content=\"630\" \/>\n\t<meta property=\"og:image:type\" content=\"image\/jpeg\" \/>\n<meta name=\"twitter:card\" content=\"summary_large_image\" \/>\n<meta name=\"twitter:site\" content=\"@FLImmigrant\" \/>\n<meta name=\"twitter:label1\" content=\"Est. tempo de leitura\" \/>\n\t<meta name=\"twitter:data1\" content=\"2 minutos\" \/>\n<script type=\"application\/ld+json\" class=\"yoast-schema-graph\">{\"@context\":\"https:\\\/\\\/schema.org\",\"@graph\":[{\"@type\":\"WebPage\",\"@id\":\"https:\\\/\\\/flic.vote\\\/pt\\\/register\\\/\",\"url\":\"https:\\\/\\\/flic.vote\\\/pt\\\/register\\\/\",\"name\":\"Register To Vote - Teach Vote Rise\",\"isPartOf\":{\"@id\":\"https:\\\/\\\/flic.vote\\\/pt\\\/#website\"},\"datePublished\":\"2022-03-25T14:01:26+00:00\",\"dateModified\":\"2025-09-15T19:55:02+00:00\",\"breadcrumb\":{\"@id\":\"https:\\\/\\\/flic.vote\\\/pt\\\/register\\\/#breadcrumb\"},\"inLanguage\":\"pt-BR\",\"potentialAction\":[{\"@type\":\"ReadAction\",\"target\":[\"https:\\\/\\\/flic.vote\\\/pt\\\/register\\\/\"]}]},{\"@type\":\"BreadcrumbList\",\"@id\":\"https:\\\/\\\/flic.vote\\\/pt\\\/register\\\/#breadcrumb\",\"itemListElement\":[{\"@type\":\"ListItem\",\"position\":1,\"name\":\"Home\",\"item\":\"https:\\\/\\\/flic.vote\\\/es\\\/\"},{\"@type\":\"ListItem\",\"position\":2,\"name\":\"Register To Vote\"}]},{\"@type\":\"WebSite\",\"@id\":\"https:\\\/\\\/flic.vote\\\/pt\\\/#website\",\"url\":\"https:\\\/\\\/flic.vote\\\/pt\\\/\",\"name\":\"Teach Vote Rise\",\"description\":\"\",\"publisher\":{\"@id\":\"https:\\\/\\\/flic.vote\\\/pt\\\/#organization\"},\"potentialAction\":[{\"@type\":\"SearchAction\",\"target\":{\"@type\":\"EntryPoint\",\"urlTemplate\":\"https:\\\/\\\/flic.vote\\\/pt\\\/?s={search_term_string}\"},\"query-input\":{\"@type\":\"PropertyValueSpecification\",\"valueRequired\":true,\"valueName\":\"search_term_string\"}}],\"inLanguage\":\"pt-BR\"},{\"@type\":\"Organization\",\"@id\":\"https:\\\/\\\/flic.vote\\\/pt\\\/#organization\",\"name\":\"FLIC Vote\",\"url\":\"https:\\\/\\\/flic.vote\\\/pt\\\/\",\"logo\":{\"@type\":\"ImageObject\",\"inLanguage\":\"pt-BR\",\"@id\":\"https:\\\/\\\/flic.vote\\\/pt\\\/#\\\/schema\\\/logo\\\/image\\\/\",\"url\":\"https:\\\/\\\/flic.vote\\\/wp-content\\\/uploads\\\/2020\\\/04\\\/flic-logo-web.png\",\"contentUrl\":\"https:\\\/\\\/flic.vote\\\/wp-content\\\/uploads\\\/2020\\\/04\\\/flic-logo-web.png\",\"width\":454,\"height\":420,\"caption\":\"FLIC Vote\"},\"image\":{\"@id\":\"https:\\\/\\\/flic.vote\\\/pt\\\/#\\\/schema\\\/logo\\\/image\\\/\"},\"sameAs\":[\"https:\\\/\\\/www.facebook.com\\\/FloridaImmigrantCoalition\",\"https:\\\/\\\/x.com\\\/FLImmigrant\"]}]}<\/script>\n<!-- \/ Yoast SEO plugin. -->","yoast_head_json":{"title":"Registre-se para votar - Ensine a Votar","robots":{"index":"index","follow":"follow","max-snippet":"max-snippet:-1","max-image-preview":"max-image-preview:large","max-video-preview":"max-video-preview:-1"},"canonical":"https:\/\/flic.vote\/pt\/register\/","og_locale":"pt_BR","og_type":"article","og_title":"Register To Vote - Teach Vote Rise","og_description":"Use the form below to register to vote for future elections. Learn everything you need to know before you register to vote by clicking here. To register to vote in Florida online, fill out the form on this page. On the next page, fill out the State of Florida&#8217;s official online voter registration form, which [&hellip;]","og_url":"https:\/\/flic.vote\/pt\/register\/","og_site_name":"Teach Vote Rise","article_publisher":"https:\/\/www.facebook.com\/FloridaImmigrantCoalition","article_modified_time":"2025-09-15T19:55:02+00:00","og_image":[{"width":1200,"height":630,"url":"https:\/\/flic.vote\/wp-content\/uploads\/2020\/05\/flic-votes-fb.jpg","type":"image\/jpeg"}],"twitter_card":"summary_large_image","twitter_site":"@FLImmigrant","twitter_misc":{"Est. tempo de leitura":"2 minutos"},"schema":{"@context":"https:\/\/schema.org","@graph":[{"@type":"WebPage","@id":"https:\/\/flic.vote\/pt\/register\/","url":"https:\/\/flic.vote\/pt\/register\/","name":"Registre-se para votar - Ensine a Votar","isPartOf":{"@id":"https:\/\/flic.vote\/pt\/#website"},"datePublished":"2022-03-25T14:01:26+00:00","dateModified":"2025-09-15T19:55:02+00:00","breadcrumb":{"@id":"https:\/\/flic.vote\/pt\/register\/#breadcrumb"},"inLanguage":"pt-BR","potentialAction":[{"@type":"ReadAction","target":["https:\/\/flic.vote\/pt\/register\/"]}]},{"@type":"BreadcrumbList","@id":"https:\/\/flic.vote\/pt\/register\/#breadcrumb","itemListElement":[{"@type":"ListItem","position":1,"name":"Home","item":"https:\/\/flic.vote\/es\/"},{"@type":"ListItem","position":2,"name":"Register To Vote"}]},{"@type":"WebSite","@id":"https:\/\/flic.vote\/pt\/#website","url":"https:\/\/flic.vote\/pt\/","name":"Ensine a Votar em Movimento","description":"","publisher":{"@id":"https:\/\/flic.vote\/pt\/#organization"},"potentialAction":[{"@type":"SearchAction","target":{"@type":"EntryPoint","urlTemplate":"https:\/\/flic.vote\/pt\/?s={search_term_string}"},"query-input":{"@type":"PropertyValueSpecification","valueRequired":true,"valueName":"search_term_string"}}],"inLanguage":"pt-BR"},{"@type":"Organization","@id":"https:\/\/flic.vote\/pt\/#organization","name":"Vota\u00e7\u00e3o FLIC","url":"https:\/\/flic.vote\/pt\/","logo":{"@type":"ImageObject","inLanguage":"pt-BR","@id":"https:\/\/flic.vote\/pt\/#\/schema\/logo\/image\/","url":"https:\/\/flic.vote\/wp-content\/uploads\/2020\/04\/flic-logo-web.png","contentUrl":"https:\/\/flic.vote\/wp-content\/uploads\/2020\/04\/flic-logo-web.png","width":454,"height":420,"caption":"FLIC Vote"},"image":{"@id":"https:\/\/flic.vote\/pt\/#\/schema\/logo\/image\/"},"sameAs":["https:\/\/www.facebook.com\/FloridaImmigrantCoalition","https:\/\/x.com\/FLImmigrant"]}]}},"_links":{"self":[{"href":"https:\/\/flic.vote\/pt\/wp-json\/wp\/v2\/pages\/1237","targetHints":{"allow":["GET"]}}],"collection":[{"href":"https:\/\/flic.vote\/pt\/wp-json\/wp\/v2\/pages"}],"about":[{"href":"https:\/\/flic.vote\/pt\/wp-json\/wp\/v2\/types\/page"}],"author":[{"embeddable":true,"href":"https:\/\/flic.vote\/pt\/wp-json\/wp\/v2\/users\/1"}],"replies":[{"embeddable":true,"href":"https:\/\/flic.vote\/pt\/wp-json\/wp\/v2\/comments?post=1237"}],"version-history":[{"count":41,"href":"https:\/\/flic.vote\/pt\/wp-json\/wp\/v2\/pages\/1237\/revisions"}],"predecessor-version":[{"id":1967,"href":"https:\/\/flic.vote\/pt\/wp-json\/wp\/v2\/pages\/1237\/revisions\/1967"}],"wp:attachment":[{"href":"https:\/\/flic.vote\/pt\/wp-json\/wp\/v2\/media?parent=1237"}],"wp:term":[{"taxonomy":"category","embeddable":true,"href":"https:\/\/flic.vote\/pt\/wp-json\/wp\/v2\/categories?post=1237"},{"taxonomy":"post_tag","embeddable":true,"href":"https:\/\/flic.vote\/pt\/wp-json\/wp\/v2\/tags?post=1237"}],"curies":[{"name":"wp","href":"https:\/\/api.w.org\/{rel}","templated":true}]}}