{"id":48,"date":"2020-03-20T20:44:54","date_gmt":"2020-03-20T20:44:54","guid":{"rendered":"https:\/\/mptv.progressflorida.net\/?page_id=48"},"modified":"2025-08-19T19:25:35","modified_gmt":"2025-08-19T19:25:35","slug":"check","status":"publish","type":"page","link":"https:\/\/flic.vote\/ht\/notsure\/","title":{"rendered":"Tcheke estati enskripsyon vot\u00e8 ou a"},"content":{"rendered":"<div data-elementor-type=\"wp-page\" data-elementor-id=\"48\" class=\"elementor elementor-48\" data-elementor-post-type=\"page\">\n\t\t\t\t\t\t<section class=\"elementor-section elementor-top-section elementor-element elementor-element-34f5f9e elementor-section-boxed elementor-section-height-default elementor-section-height-default\" data-id=\"34f5f9e\" data-element_type=\"section\">\n\t\t\t\t\t\t<div class=\"elementor-container elementor-column-gap-default\">\n\t\t\t\t\t<div class=\"elementor-column elementor-col-100 elementor-top-column elementor-element elementor-element-d5d812e\" data-id=\"d5d812e\" data-element_type=\"column\">\n\t\t\t<div class=\"elementor-widget-wrap elementor-element-populated\">\n\t\t\t\t\t\t<div class=\"elementor-element elementor-element-ba5da4b elementor-icon-list--layout-inline elementor-align-center elementor-list-item-link-full_width elementor-invisible elementor-widget elementor-widget-icon-list\" data-id=\"ba5da4b\" data-element_type=\"widget\" data-settings=\"{&quot;_animation&quot;:&quot;fadeInUp&quot;,&quot;_animation_delay&quot;:2000}\" data-widget_type=\"icon-list.default\">\n\t\t\t\t<div class=\"elementor-widget-container\">\n\t\t\t\t\t\t\t<ul class=\"elementor-icon-list-items elementor-inline-items\">\n\t\t\t\t\t\t\t<li class=\"elementor-icon-list-item elementor-inline-item\">\n\t\t\t\t\t\t\t\t\t\t\t<a href=\"\/\">\n\n\t\t\t\t\t\t\t\t\t\t\t\t<span class=\"elementor-icon-list-icon\">\n\t\t\t\t\t\t\t<i aria-hidden=\"true\" class=\"fas fa-arrow-circle-left\"><\/i>\t\t\t\t\t\t<\/span>\n\t\t\t\t\t\t\t\t\t\t<span class=\"elementor-icon-list-text\">Yon fwa ou fin konfime ke ou anrejistre pou vote, tounen nan f\u00e8 plan v\u00f2t ou<\/span>\n\t\t\t\t\t\t\t\t\t\t\t<\/a>\n\t\t\t\t\t\t\t\t\t<\/li>\n\t\t\t\t\t\t<\/ul>\n\t\t\t\t\t\t<\/div>\n\t\t\t\t<\/div>\n\t\t\t\t\t<\/div>\n\t\t<\/div>\n\t\t\t\t\t<\/div>\n\t\t<\/section>\n\t\t\t\t<section class=\"elementor-section elementor-top-section elementor-element elementor-element-30457ed8 elementor-section-boxed elementor-section-height-default elementor-section-height-default\" data-id=\"30457ed8\" data-element_type=\"section\">\n\t\t\t\t\t\t<div class=\"elementor-container elementor-column-gap-default\">\n\t\t\t\t\t<div class=\"elementor-column elementor-col-100 elementor-top-column elementor-element elementor-element-55c9cab4\" data-id=\"55c9cab4\" data-element_type=\"column\">\n\t\t\t<div class=\"elementor-widget-wrap elementor-element-populated\">\n\t\t\t\t\t\t<div class=\"elementor-element elementor-element-badc0d8 elementor-widget elementor-widget-text-editor\" data-id=\"badc0d8\" data-element_type=\"widget\" data-widget_type=\"text-editor.default\">\n\t\t\t\t<div class=\"elementor-widget-container\">\n\t\t\t\t\t\t\t\t\t\n<iframe src=\"https:\/\/registration.elections.myflorida.com\/CheckVoterStatus\" height=\"1000\"><\/iframe>\n\t\t\t\t\t\t\t\t<\/div>\n\t\t\t\t<\/div>\n\t\t\t\t<div class=\"elementor-element elementor-element-ff3e046 elementor-icon-list--layout-inline elementor-align-center elementor-list-item-link-full_width elementor-invisible elementor-widget elementor-widget-icon-list\" data-id=\"ff3e046\" data-element_type=\"widget\" data-settings=\"{&quot;_animation&quot;:&quot;fadeInUp&quot;,&quot;_animation_delay&quot;:2000}\" data-widget_type=\"icon-list.default\">\n\t\t\t\t<div class=\"elementor-widget-container\">\n\t\t\t\t\t\t\t<ul class=\"elementor-icon-list-items elementor-inline-items\">\n\t\t\t\t\t\t\t<li class=\"elementor-icon-list-item elementor-inline-item\">\n\t\t\t\t\t\t\t\t\t\t\t<a href=\"\/\">\n\n\t\t\t\t\t\t\t\t\t\t\t\t<span class=\"elementor-icon-list-icon\">\n\t\t\t\t\t\t\t<i aria-hidden=\"true\" class=\"fas fa-arrow-circle-left\"><\/i>\t\t\t\t\t\t<\/span>\n\t\t\t\t\t\t\t\t\t\t<span class=\"elementor-icon-list-text\">Yon fwa ou te konfime, tounen nan f\u00e8 plan v\u00f2t ou<\/span>\n\t\t\t\t\t\t\t\t\t\t\t<\/a>\n\t\t\t\t\t\t\t\t\t<\/li>\n\t\t\t\t\t\t<\/ul>\n\t\t\t\t\t\t<\/div>\n\t\t\t\t<\/div>\n\t\t\t\t\t<\/div>\n\t\t<\/div>\n\t\t\t\t\t<\/div>\n\t\t<\/section>\n\t\t\t\t<\/div>","protected":false},"excerpt":{"rendered":"<p>Yon fwa ou konfime ke ou anrejistre pou vote, tounen nan f\u00e8 plan v\u00f2t ou Yon fwa ou te konfime, tounen nan f\u00e8 plan v\u00f2t ou.<\/p>","protected":false},"author":1,"featured_media":0,"parent":0,"menu_order":0,"comment_status":"closed","ping_status":"closed","template":"","meta":{"footnotes":""},"categories":[],"tags":[],"class_list":["post-48","page","type-page","status-publish","hentry"],"yoast_head":"<!-- This site is optimized with the Yoast SEO plugin v25.9 - https:\/\/yoast.com\/wordpress\/plugins\/seo\/ -->\n<title>Check your voter registration status - Teach Vote Rise<\/title>\n<meta name=\"robots\" content=\"index, follow, max-snippet:-1, max-image-preview:large, max-video-preview:-1\" \/>\n<link rel=\"canonical\" href=\"https:\/\/flic.vote\/ht\/notsure\/\" \/>\n<meta property=\"og:locale\" content=\"ht_HT\" \/>\n<meta property=\"og:type\" content=\"article\" \/>\n<meta property=\"og:title\" content=\"Check your voter registration status - Teach Vote Rise\" \/>\n<meta property=\"og:description\" content=\"Once you&#8217;ve confirmed that you are registerd to vote, go back to making your voting plan Once you&#8217;ve confirmed, go back to making your voting plan\" \/>\n<meta property=\"og:url\" content=\"https:\/\/flic.vote\/ht\/notsure\/\" \/>\n<meta property=\"og:site_name\" content=\"Teach Vote Rise\" \/>\n<meta property=\"article:publisher\" content=\"https:\/\/www.facebook.com\/FloridaImmigrantCoalition\" \/>\n<meta property=\"article:modified_time\" content=\"2025-08-19T19:25:35+00:00\" \/>\n<meta property=\"og:image\" content=\"https:\/\/flic.vote\/wp-content\/uploads\/2020\/05\/flic-votes-fb.jpg\" \/>\n\t<meta property=\"og:image:width\" content=\"1200\" \/>\n\t<meta property=\"og:image:height\" content=\"630\" \/>\n\t<meta property=\"og:image:type\" content=\"image\/jpeg\" \/>\n<meta name=\"twitter:card\" content=\"summary_large_image\" \/>\n<meta name=\"twitter:site\" content=\"@FLImmigrant\" \/>\n<meta name=\"twitter:label1\" content=\"Est. reading time\" \/>\n\t<meta name=\"twitter:data1\" content=\"1 minute\" \/>\n<script type=\"application\/ld+json\" class=\"yoast-schema-graph\">{\"@context\":\"https:\/\/schema.org\",\"@graph\":[{\"@type\":\"WebPage\",\"@id\":\"https:\/\/flic.vote\/ht\/notsure\/\",\"url\":\"https:\/\/flic.vote\/ht\/notsure\/\",\"name\":\"Check your voter registration status - Teach Vote Rise\",\"isPartOf\":{\"@id\":\"https:\/\/flic.vote\/ht\/#website\"},\"datePublished\":\"2020-03-20T20:44:54+00:00\",\"dateModified\":\"2025-08-19T19:25:35+00:00\",\"breadcrumb\":{\"@id\":\"https:\/\/flic.vote\/ht\/notsure\/#breadcrumb\"},\"inLanguage\":\"ht\",\"potentialAction\":[{\"@type\":\"ReadAction\",\"target\":[\"https:\/\/flic.vote\/ht\/notsure\/\"]}]},{\"@type\":\"BreadcrumbList\",\"@id\":\"https:\/\/flic.vote\/ht\/notsure\/#breadcrumb\",\"itemListElement\":[{\"@type\":\"ListItem\",\"position\":1,\"name\":\"Home\",\"item\":\"https:\/\/flic.vote\/ht\/\"},{\"@type\":\"ListItem\",\"position\":2,\"name\":\"Check your voter registration status\"}]},{\"@type\":\"WebSite\",\"@id\":\"https:\/\/flic.vote\/ht\/#website\",\"url\":\"https:\/\/flic.vote\/ht\/\",\"name\":\"Teach Vote Rise\",\"description\":\"\",\"publisher\":{\"@id\":\"https:\/\/flic.vote\/ht\/#organization\"},\"potentialAction\":[{\"@type\":\"SearchAction\",\"target\":{\"@type\":\"EntryPoint\",\"urlTemplate\":\"https:\/\/flic.vote\/ht\/?s={search_term_string}\"},\"query-input\":{\"@type\":\"PropertyValueSpecification\",\"valueRequired\":true,\"valueName\":\"search_term_string\"}}],\"inLanguage\":\"ht\"},{\"@type\":\"Organization\",\"@id\":\"https:\/\/flic.vote\/ht\/#organization\",\"name\":\"FLIC Vote\",\"url\":\"https:\/\/flic.vote\/ht\/\",\"logo\":{\"@type\":\"ImageObject\",\"inLanguage\":\"ht\",\"@id\":\"https:\/\/flic.vote\/ht\/#\/schema\/logo\/image\/\",\"url\":\"https:\/\/flic.vote\/wp-content\/uploads\/2020\/04\/flic-logo-web.png\",\"contentUrl\":\"https:\/\/flic.vote\/wp-content\/uploads\/2020\/04\/flic-logo-web.png\",\"width\":454,\"height\":420,\"caption\":\"FLIC Vote\"},\"image\":{\"@id\":\"https:\/\/flic.vote\/ht\/#\/schema\/logo\/image\/\"},\"sameAs\":[\"https:\/\/www.facebook.com\/FloridaImmigrantCoalition\",\"https:\/\/x.com\/FLImmigrant\"]}]}<\/script>\n<!-- \/ Yoast SEO plugin. -->","yoast_head_json":{"title":"Check your voter registration status - Teach Vote Rise","robots":{"index":"index","follow":"follow","max-snippet":"max-snippet:-1","max-image-preview":"max-image-preview:large","max-video-preview":"max-video-preview:-1"},"canonical":"https:\/\/flic.vote\/ht\/notsure\/","og_locale":"ht_HT","og_type":"article","og_title":"Check your voter registration status - Teach Vote Rise","og_description":"Once you&#8217;ve confirmed that you are registerd to vote, go back to making your voting plan Once you&#8217;ve confirmed, go back to making your voting plan","og_url":"https:\/\/flic.vote\/ht\/notsure\/","og_site_name":"Teach Vote Rise","article_publisher":"https:\/\/www.facebook.com\/FloridaImmigrantCoalition","article_modified_time":"2025-08-19T19:25:35+00:00","og_image":[{"width":1200,"height":630,"url":"https:\/\/flic.vote\/wp-content\/uploads\/2020\/05\/flic-votes-fb.jpg","type":"image\/jpeg"}],"twitter_card":"summary_large_image","twitter_site":"@FLImmigrant","twitter_misc":{"Est. reading time":"1 minute"},"schema":{"@context":"https:\/\/schema.org","@graph":[{"@type":"WebPage","@id":"https:\/\/flic.vote\/ht\/notsure\/","url":"https:\/\/flic.vote\/ht\/notsure\/","name":"Check your voter registration status - Teach Vote Rise","isPartOf":{"@id":"https:\/\/flic.vote\/ht\/#website"},"datePublished":"2020-03-20T20:44:54+00:00","dateModified":"2025-08-19T19:25:35+00:00","breadcrumb":{"@id":"https:\/\/flic.vote\/ht\/notsure\/#breadcrumb"},"inLanguage":"ht","potentialAction":[{"@type":"ReadAction","target":["https:\/\/flic.vote\/ht\/notsure\/"]}]},{"@type":"BreadcrumbList","@id":"https:\/\/flic.vote\/ht\/notsure\/#breadcrumb","itemListElement":[{"@type":"ListItem","position":1,"name":"Home","item":"https:\/\/flic.vote\/ht\/"},{"@type":"ListItem","position":2,"name":"Check your voter registration status"}]},{"@type":"WebSite","@id":"https:\/\/flic.vote\/ht\/#website","url":"https:\/\/flic.vote\/ht\/","name":"Anseye ogmantasyon v\u00f2t","description":"","publisher":{"@id":"https:\/\/flic.vote\/ht\/#organization"},"potentialAction":[{"@type":"SearchAction","target":{"@type":"EntryPoint","urlTemplate":"https:\/\/flic.vote\/ht\/?s={search_term_string}"},"query-input":{"@type":"PropertyValueSpecification","valueRequired":true,"valueName":"search_term_string"}}],"inLanguage":"ht"},{"@type":"Organization","@id":"https:\/\/flic.vote\/ht\/#organization","name":"FLIC Vote","url":"https:\/\/flic.vote\/ht\/","logo":{"@type":"ImageObject","inLanguage":"ht","@id":"https:\/\/flic.vote\/ht\/#\/schema\/logo\/image\/","url":"https:\/\/flic.vote\/wp-content\/uploads\/2020\/04\/flic-logo-web.png","contentUrl":"https:\/\/flic.vote\/wp-content\/uploads\/2020\/04\/flic-logo-web.png","width":454,"height":420,"caption":"FLIC Vote"},"image":{"@id":"https:\/\/flic.vote\/ht\/#\/schema\/logo\/image\/"},"sameAs":["https:\/\/www.facebook.com\/FloridaImmigrantCoalition","https:\/\/x.com\/FLImmigrant"]}]}},"_links":{"self":[{"href":"https:\/\/flic.vote\/ht\/wp-json\/wp\/v2\/pages\/48","targetHints":{"allow":["GET"]}}],"collection":[{"href":"https:\/\/flic.vote\/ht\/wp-json\/wp\/v2\/pages"}],"about":[{"href":"https:\/\/flic.vote\/ht\/wp-json\/wp\/v2\/types\/page"}],"author":[{"embeddable":true,"href":"https:\/\/flic.vote\/ht\/wp-json\/wp\/v2\/users\/1"}],"replies":[{"embeddable":true,"href":"https:\/\/flic.vote\/ht\/wp-json\/wp\/v2\/comments?post=48"}],"version-history":[{"count":14,"href":"https:\/\/flic.vote\/ht\/wp-json\/wp\/v2\/pages\/48\/revisions"}],"predecessor-version":[{"id":1870,"href":"https:\/\/flic.vote\/ht\/wp-json\/wp\/v2\/pages\/48\/revisions\/1870"}],"wp:attachment":[{"href":"https:\/\/flic.vote\/ht\/wp-json\/wp\/v2\/media?parent=48"}],"wp:term":[{"taxonomy":"category","embeddable":true,"href":"https:\/\/flic.vote\/ht\/wp-json\/wp\/v2\/categories?post=48"},{"taxonomy":"post_tag","embeddable":true,"href":"https:\/\/flic.vote\/ht\/wp-json\/wp\/v2\/tags?post=48"}],"curies":[{"name":"wp","href":"https:\/\/api.w.org\/{rel}","templated":true}]}}