{"id":2010,"date":"2025-09-16T12:54:23","date_gmt":"2025-09-16T12:54:23","guid":{"rendered":"https:\/\/flic.vote\/?page_id=2010"},"modified":"2025-09-16T12:55:34","modified_gmt":"2025-09-16T12:55:34","slug":"signup","status":"publish","type":"page","link":"https:\/\/flic.vote\/ht\/signup\/","title":{"rendered":"Enskri pou resevwa d\u00e8nye enf\u00f2masyon sou dwa v\u00f2t yo dir\u00e8kteman nan bwat resepsyon ou!"},"content":{"rendered":"<div data-elementor-type=\"wp-page\" data-elementor-id=\"2010\" class=\"elementor elementor-2010\" data-elementor-post-type=\"page\">\n\t\t\t\t\t\t<section class=\"elementor-section elementor-top-section elementor-element elementor-element-f901600 elementor-section-boxed elementor-section-height-default elementor-section-height-default\" data-id=\"f901600\" data-element_type=\"section\">\n\t\t\t\t\t\t<div class=\"elementor-container elementor-column-gap-default\">\n\t\t\t\t\t<div class=\"elementor-column elementor-col-50 elementor-top-column elementor-element elementor-element-d27030c\" data-id=\"d27030c\" data-element_type=\"column\">\n\t\t\t<div class=\"elementor-widget-wrap elementor-element-populated\">\n\t\t\t\t\t\t<div class=\"elementor-element elementor-element-dda45f0 elementor-widget elementor-widget-text-editor\" data-id=\"dda45f0\" data-element_type=\"widget\" data-widget_type=\"text-editor.default\">\n\t\t\t\t<div class=\"elementor-widget-container\">\n\t\t\t\t\t\t\t\t\t<p><span style=\"font-weight: 400;\">Rete enf\u00f2me, epi vin yon elekt\u00e8 Florid ki gen pouvwa!\u00a0<\/span><\/p><p><span style=\"font-weight: 400;\">Enskri pou resevwa bilten nou an epi resevwa d\u00e8nye nouv\u00e8l sou dwa v\u00f2t nan Florid\u2014nouv\u00e8l enp\u00f2tan, al\u00e8t aksyon, ak fason ou ka f\u00e8 yon diferans, dir\u00e8kteman nan bwat resepsyon ou.<\/span><\/p>\t\t\t\t\t\t\t\t<\/div>\n\t\t\t\t<\/div>\n\t\t\t\t\t<\/div>\n\t\t<\/div>\n\t\t\t\t<div class=\"elementor-column elementor-col-50 elementor-top-column elementor-element elementor-element-aa6ecd1\" data-id=\"aa6ecd1\" data-element_type=\"column\">\n\t\t\t<div class=\"elementor-widget-wrap elementor-element-populated\">\n\t\t\t\t\t\t<div class=\"elementor-element elementor-element-cae93ea elementor-widget elementor-widget-html\" data-id=\"cae93ea\" data-element_type=\"widget\" data-widget_type=\"html.default\">\n\t\t\t\t<div class=\"elementor-widget-container\">\n\t\t\t\t\t<link rel='preload' href='https:\/\/static.everyaction.com\/ea-actiontag\/at.js' as='script' crossorigin='anonymous'>\n <link rel='preload' href='https:\/\/static.everyaction.com\/ea-actiontag\/at.min.css' as='style'>\n <script type='text\/javascript' src='https:\/\/static.everyaction.com\/ea-actiontag\/at.js' crossorigin='anonymous'><\/script>\n <link rel='preload' href='https:\/\/nvlupin.blob.core.windows.net\/designs\/CustomStylesheet_59b9b6652237f4d3f99e4a4fd4ff8226a80b0c8492a2499f229bb760a7026c18.css' as='style'>\n <div class=\"ngp-form\"\n     data-form-url=\"https:\/\/secure.everyaction.com\/v1\/Forms\/_jKjC2PsYU24Nhv_mvudEQ2\"\n             data-custom-css='https:\/\/nvlupin.blob.core.windows.net\/designs\/CustomStylesheet_59b9b6652237f4d3f99e4a4fd4ff8226a80b0c8492a2499f229bb760a7026c18.css'\n     data-fastaction-endpoint=\"https:\/\/fastaction.ngpvan.com\"\n     data-inline-errors=\"true\"\n     data-fastaction-nologin=\"true\"\n          data-mobile-autofocus=\"false\">\n<\/div>\n\t\t\t\t<\/div>\n\t\t\t\t<\/div>\n\t\t\t\t\t<\/div>\n\t\t<\/div>\n\t\t\t\t\t<\/div>\n\t\t<\/section>\n\t\t\t\t<\/div>","protected":false},"excerpt":{"rendered":"<p>Rete enf\u00f2me, epi vin yon elekt\u00e8 Florid ki gen anpil pouvwa! Enskri pou resevwa bilten nou an epi jwenn d\u00e8nye nouv\u00e8l sou dwa v\u00f2t nan Florid\u2014nouv\u00e8l enp\u00f2tan, al\u00e8t aksyon, ak fason ou ka f\u00e8 yon diferans, dir\u00e8kteman nan bwat resepsyon ou.<\/p>","protected":false},"author":1,"featured_media":0,"parent":0,"menu_order":0,"comment_status":"closed","ping_status":"closed","template":"","meta":{"footnotes":""},"categories":[],"tags":[],"class_list":["post-2010","page","type-page","status-publish","hentry"],"yoast_head":"<!-- This site is optimized with the Yoast SEO plugin v25.9 - https:\/\/yoast.com\/wordpress\/plugins\/seo\/ -->\n<title>Sign up to receive Voting Rights updates directly in your inbox! - Teach Vote Rise<\/title>\n<meta name=\"robots\" content=\"index, follow, max-snippet:-1, max-image-preview:large, max-video-preview:-1\" \/>\n<link rel=\"canonical\" href=\"https:\/\/flic.vote\/ht\/signup\/\" \/>\n<meta property=\"og:locale\" content=\"ht_HT\" \/>\n<meta property=\"og:type\" content=\"article\" \/>\n<meta property=\"og:title\" content=\"Sign up to receive Voting Rights updates directly in your inbox! - Teach Vote Rise\" \/>\n<meta property=\"og:description\" content=\"Stay informed, and be a powerful Florida Voter!\u00a0 Sign up to receive our newsletter and get the latest updates on voting rights in Florida\u2014important news, action alerts, and ways you can make a difference, straight to your inbox.\" \/>\n<meta property=\"og:url\" content=\"https:\/\/flic.vote\/ht\/signup\/\" \/>\n<meta property=\"og:site_name\" content=\"Teach Vote Rise\" \/>\n<meta property=\"article:publisher\" content=\"https:\/\/www.facebook.com\/FloridaImmigrantCoalition\" \/>\n<meta property=\"article:modified_time\" content=\"2025-09-16T12:55:34+00:00\" \/>\n<meta property=\"og:image\" content=\"https:\/\/flic.vote\/wp-content\/uploads\/2020\/05\/flic-votes-fb.jpg\" \/>\n\t<meta property=\"og:image:width\" content=\"1200\" \/>\n\t<meta property=\"og:image:height\" content=\"630\" \/>\n\t<meta property=\"og:image:type\" content=\"image\/jpeg\" \/>\n<meta name=\"twitter:card\" content=\"summary_large_image\" \/>\n<meta name=\"twitter:site\" content=\"@FLImmigrant\" \/>\n<meta name=\"twitter:label1\" content=\"Est. reading time\" \/>\n\t<meta name=\"twitter:data1\" content=\"1 minute\" \/>\n<script type=\"application\/ld+json\" class=\"yoast-schema-graph\">{\"@context\":\"https:\/\/schema.org\",\"@graph\":[{\"@type\":\"WebPage\",\"@id\":\"https:\/\/flic.vote\/ht\/signup\/\",\"url\":\"https:\/\/flic.vote\/ht\/signup\/\",\"name\":\"Sign up to receive Voting Rights updates directly in your inbox! - Teach Vote Rise\",\"isPartOf\":{\"@id\":\"https:\/\/flic.vote\/ht\/#website\"},\"datePublished\":\"2025-09-16T12:54:23+00:00\",\"dateModified\":\"2025-09-16T12:55:34+00:00\",\"breadcrumb\":{\"@id\":\"https:\/\/flic.vote\/ht\/signup\/#breadcrumb\"},\"inLanguage\":\"ht\",\"potentialAction\":[{\"@type\":\"ReadAction\",\"target\":[\"https:\/\/flic.vote\/ht\/signup\/\"]}]},{\"@type\":\"BreadcrumbList\",\"@id\":\"https:\/\/flic.vote\/ht\/signup\/#breadcrumb\",\"itemListElement\":[{\"@type\":\"ListItem\",\"position\":1,\"name\":\"Home\",\"item\":\"https:\/\/flic.vote\/ht\/\"},{\"@type\":\"ListItem\",\"position\":2,\"name\":\"Sign up to receive Voting Rights updates directly in your inbox!\"}]},{\"@type\":\"WebSite\",\"@id\":\"https:\/\/flic.vote\/ht\/#website\",\"url\":\"https:\/\/flic.vote\/ht\/\",\"name\":\"Teach Vote Rise\",\"description\":\"\",\"publisher\":{\"@id\":\"https:\/\/flic.vote\/ht\/#organization\"},\"potentialAction\":[{\"@type\":\"SearchAction\",\"target\":{\"@type\":\"EntryPoint\",\"urlTemplate\":\"https:\/\/flic.vote\/ht\/?s={search_term_string}\"},\"query-input\":{\"@type\":\"PropertyValueSpecification\",\"valueRequired\":true,\"valueName\":\"search_term_string\"}}],\"inLanguage\":\"ht\"},{\"@type\":\"Organization\",\"@id\":\"https:\/\/flic.vote\/ht\/#organization\",\"name\":\"FLIC Vote\",\"url\":\"https:\/\/flic.vote\/ht\/\",\"logo\":{\"@type\":\"ImageObject\",\"inLanguage\":\"ht\",\"@id\":\"https:\/\/flic.vote\/ht\/#\/schema\/logo\/image\/\",\"url\":\"https:\/\/flic.vote\/wp-content\/uploads\/2020\/04\/flic-logo-web.png\",\"contentUrl\":\"https:\/\/flic.vote\/wp-content\/uploads\/2020\/04\/flic-logo-web.png\",\"width\":454,\"height\":420,\"caption\":\"FLIC Vote\"},\"image\":{\"@id\":\"https:\/\/flic.vote\/ht\/#\/schema\/logo\/image\/\"},\"sameAs\":[\"https:\/\/www.facebook.com\/FloridaImmigrantCoalition\",\"https:\/\/x.com\/FLImmigrant\"]}]}<\/script>\n<!-- \/ Yoast SEO plugin. -->","yoast_head_json":{"title":"Sign up to receive Voting Rights updates directly in your inbox! - Teach Vote Rise","robots":{"index":"index","follow":"follow","max-snippet":"max-snippet:-1","max-image-preview":"max-image-preview:large","max-video-preview":"max-video-preview:-1"},"canonical":"https:\/\/flic.vote\/ht\/signup\/","og_locale":"ht_HT","og_type":"article","og_title":"Sign up to receive Voting Rights updates directly in your inbox! - Teach Vote Rise","og_description":"Stay informed, and be a powerful Florida Voter!\u00a0 Sign up to receive our newsletter and get the latest updates on voting rights in Florida\u2014important news, action alerts, and ways you can make a difference, straight to your inbox.","og_url":"https:\/\/flic.vote\/ht\/signup\/","og_site_name":"Teach Vote Rise","article_publisher":"https:\/\/www.facebook.com\/FloridaImmigrantCoalition","article_modified_time":"2025-09-16T12:55:34+00:00","og_image":[{"width":1200,"height":630,"url":"https:\/\/flic.vote\/wp-content\/uploads\/2020\/05\/flic-votes-fb.jpg","type":"image\/jpeg"}],"twitter_card":"summary_large_image","twitter_site":"@FLImmigrant","twitter_misc":{"Est. reading time":"1 minute"},"schema":{"@context":"https:\/\/schema.org","@graph":[{"@type":"WebPage","@id":"https:\/\/flic.vote\/ht\/signup\/","url":"https:\/\/flic.vote\/ht\/signup\/","name":"Sign up to receive Voting Rights updates directly in your inbox! - Teach Vote Rise","isPartOf":{"@id":"https:\/\/flic.vote\/ht\/#website"},"datePublished":"2025-09-16T12:54:23+00:00","dateModified":"2025-09-16T12:55:34+00:00","breadcrumb":{"@id":"https:\/\/flic.vote\/ht\/signup\/#breadcrumb"},"inLanguage":"ht","potentialAction":[{"@type":"ReadAction","target":["https:\/\/flic.vote\/ht\/signup\/"]}]},{"@type":"BreadcrumbList","@id":"https:\/\/flic.vote\/ht\/signup\/#breadcrumb","itemListElement":[{"@type":"ListItem","position":1,"name":"Home","item":"https:\/\/flic.vote\/ht\/"},{"@type":"ListItem","position":2,"name":"Sign up to receive Voting Rights updates directly in your inbox!"}]},{"@type":"WebSite","@id":"https:\/\/flic.vote\/ht\/#website","url":"https:\/\/flic.vote\/ht\/","name":"Anseye ogmantasyon v\u00f2t","description":"","publisher":{"@id":"https:\/\/flic.vote\/ht\/#organization"},"potentialAction":[{"@type":"SearchAction","target":{"@type":"EntryPoint","urlTemplate":"https:\/\/flic.vote\/ht\/?s={search_term_string}"},"query-input":{"@type":"PropertyValueSpecification","valueRequired":true,"valueName":"search_term_string"}}],"inLanguage":"ht"},{"@type":"Organization","@id":"https:\/\/flic.vote\/ht\/#organization","name":"FLIC Vote","url":"https:\/\/flic.vote\/ht\/","logo":{"@type":"ImageObject","inLanguage":"ht","@id":"https:\/\/flic.vote\/ht\/#\/schema\/logo\/image\/","url":"https:\/\/flic.vote\/wp-content\/uploads\/2020\/04\/flic-logo-web.png","contentUrl":"https:\/\/flic.vote\/wp-content\/uploads\/2020\/04\/flic-logo-web.png","width":454,"height":420,"caption":"FLIC Vote"},"image":{"@id":"https:\/\/flic.vote\/ht\/#\/schema\/logo\/image\/"},"sameAs":["https:\/\/www.facebook.com\/FloridaImmigrantCoalition","https:\/\/x.com\/FLImmigrant"]}]}},"_links":{"self":[{"href":"https:\/\/flic.vote\/ht\/wp-json\/wp\/v2\/pages\/2010","targetHints":{"allow":["GET"]}}],"collection":[{"href":"https:\/\/flic.vote\/ht\/wp-json\/wp\/v2\/pages"}],"about":[{"href":"https:\/\/flic.vote\/ht\/wp-json\/wp\/v2\/types\/page"}],"author":[{"embeddable":true,"href":"https:\/\/flic.vote\/ht\/wp-json\/wp\/v2\/users\/1"}],"replies":[{"embeddable":true,"href":"https:\/\/flic.vote\/ht\/wp-json\/wp\/v2\/comments?post=2010"}],"version-history":[{"count":7,"href":"https:\/\/flic.vote\/ht\/wp-json\/wp\/v2\/pages\/2010\/revisions"}],"predecessor-version":[{"id":2017,"href":"https:\/\/flic.vote\/ht\/wp-json\/wp\/v2\/pages\/2010\/revisions\/2017"}],"wp:attachment":[{"href":"https:\/\/flic.vote\/ht\/wp-json\/wp\/v2\/media?parent=2010"}],"wp:term":[{"taxonomy":"category","embeddable":true,"href":"https:\/\/flic.vote\/ht\/wp-json\/wp\/v2\/categories?post=2010"},{"taxonomy":"post_tag","embeddable":true,"href":"https:\/\/flic.vote\/ht\/wp-json\/wp\/v2\/tags?post=2010"}],"curies":[{"name":"wp","href":"https:\/\/api.w.org\/{rel}","templated":true}]}}