{"id":131,"date":"2020-03-30T19:27:45","date_gmt":"2020-03-30T19:27:45","guid":{"rendered":"https:\/\/mptv.progressflorida.net\/?page_id=131"},"modified":"2024-08-12T14:24:14","modified_gmt":"2024-08-12T14:24:14","slug":"vote-on-election-day","status":"publish","type":"page","link":"https:\/\/flic.vote\/es\/electionday\/","title":{"rendered":"Vota el D\u00eda de la Elecci\u00f3n"},"content":{"rendered":"<div data-elementor-type=\"wp-page\" data-elementor-id=\"131\" class=\"elementor elementor-131\" data-elementor-post-type=\"page\">\n\t\t\t\t\t\t<section class=\"elementor-section elementor-top-section elementor-element elementor-element-7e07c64 elementor-section-full_width elementor-section-height-default elementor-section-height-default\" data-id=\"7e07c64\" data-element_type=\"section\">\n\t\t\t\t\t\t<div class=\"elementor-container elementor-column-gap-default\">\n\t\t\t\t\t<div class=\"elementor-column elementor-col-100 elementor-top-column elementor-element elementor-element-d863f87\" data-id=\"d863f87\" data-element_type=\"column\">\n\t\t\t<div class=\"elementor-widget-wrap elementor-element-populated\">\n\t\t\t\t\t\t<section class=\"elementor-section elementor-inner-section elementor-element elementor-element-7101c3a elementor-section-boxed elementor-section-height-default elementor-section-height-default\" data-id=\"7101c3a\" data-element_type=\"section\">\n\t\t\t\t\t\t<div class=\"elementor-container elementor-column-gap-default\">\n\t\t\t\t\t<div class=\"elementor-column elementor-col-50 elementor-inner-column elementor-element elementor-element-b7755e3 elementor-invisible\" data-id=\"b7755e3\" data-element_type=\"column\" data-settings=\"{&quot;animation&quot;:&quot;fadeInUp&quot;,&quot;animation_delay&quot;:1000}\">\n\t\t\t<div class=\"elementor-widget-wrap elementor-element-populated\">\n\t\t\t\t\t\t<div class=\"elementor-element elementor-element-82164e2 elementor-widget elementor-widget-text-editor\" data-id=\"82164e2\" data-element_type=\"widget\" data-widget_type=\"text-editor.default\">\n\t\t\t\t<div class=\"elementor-widget-container\">\n\t\t\t\t\t\t\t\t\t<p><strong>Las urnas estar\u00e1n abiertas desde las 7 de la ma\u00f1ana hasta las 7 de la tarde el d\u00eda de las elecciones.<\/strong> Cualquier votante que est\u00e9 esperando en la fila a las 7:00 pm tendr\u00e1 la oportunidad de emitir su voto.<\/p><p>En 2024, <strong>El d\u00eda de las elecciones primarias es el martes 20 de agosto.<\/strong>, y <strong>El d\u00eda de las elecciones generales es el martes 5 de noviembre.<\/strong>.\u00a0<\/p><p>En el centro de votaci\u00f3n que te corresponde, se te pedir\u00e1 presentar una Identificaci\u00f3n v\u00e1lida con fotograf\u00eda y firma. Estas son las Identificaciones aceptadas:<\/p>\t\t\t\t\t\t\t\t<\/div>\n\t\t\t\t<\/div>\n\t\t\t\t<div class=\"elementor-element elementor-element-d8f19af elementor-icon-list--layout-traditional elementor-list-item-link-full_width elementor-widget elementor-widget-icon-list\" data-id=\"d8f19af\" data-element_type=\"widget\" data-widget_type=\"icon-list.default\">\n\t\t\t\t<div class=\"elementor-widget-container\">\n\t\t\t\t\t\t\t<ul class=\"elementor-icon-list-items\">\n\t\t\t\t\t\t\t<li class=\"elementor-icon-list-item\">\n\t\t\t\t\t\t\t\t\t\t\t<span class=\"elementor-icon-list-icon\">\n\t\t\t\t\t\t\t<i aria-hidden=\"true\" class=\"far fa-address-card\"><\/i>\t\t\t\t\t\t<\/span>\n\t\t\t\t\t\t\t\t\t\t<span class=\"elementor-icon-list-text\">Licencia de conducir otorgada por el estado de Florida o Tarjeta de Identificaci\u00f3n otorgada por el estado de Florida<\/span>\n\t\t\t\t\t\t\t\t\t<\/li>\n\t\t\t\t\t\t\t\t<li class=\"elementor-icon-list-item\">\n\t\t\t\t\t\t\t\t\t\t\t<span class=\"elementor-icon-list-icon\">\n\t\t\t\t\t\t\t<i aria-hidden=\"true\" class=\"far fa-address-card\"><\/i>\t\t\t\t\t\t<\/span>\n\t\t\t\t\t\t\t\t\t\t<span class=\"elementor-icon-list-text\">Pasaporte de los Estados Unidos de Am\u00e9rica<\/span>\n\t\t\t\t\t\t\t\t\t<\/li>\n\t\t\t\t\t\t\t\t<li class=\"elementor-icon-list-item\">\n\t\t\t\t\t\t\t\t\t\t\t<span class=\"elementor-icon-list-icon\">\n\t\t\t\t\t\t\t<i aria-hidden=\"true\" class=\"far fa-address-card\"><\/i>\t\t\t\t\t\t<\/span>\n\t\t\t\t\t\t\t\t\t\t<span class=\"elementor-icon-list-text\">Tarjetas de D\u00e9bito o Cr\u00e9dito con fotograf\u00eda incluida<\/span>\n\t\t\t\t\t\t\t\t\t<\/li>\n\t\t\t\t\t\t\t\t<li class=\"elementor-icon-list-item\">\n\t\t\t\t\t\t\t\t\t\t\t<span class=\"elementor-icon-list-icon\">\n\t\t\t\t\t\t\t<i aria-hidden=\"true\" class=\"far fa-address-card\"><\/i>\t\t\t\t\t\t<\/span>\n\t\t\t\t\t\t\t\t\t\t<span class=\"elementor-icon-list-text\">Identificaci\u00f3n Militar<\/span>\n\t\t\t\t\t\t\t\t\t<\/li>\n\t\t\t\t\t\t\t\t<li class=\"elementor-icon-list-item\">\n\t\t\t\t\t\t\t\t\t\t\t<span class=\"elementor-icon-list-icon\">\n\t\t\t\t\t\t\t<i aria-hidden=\"true\" class=\"far fa-address-card\"><\/i>\t\t\t\t\t\t<\/span>\n\t\t\t\t\t\t\t\t\t\t<span class=\"elementor-icon-list-text\">Identificaci\u00f3n estudiantil mientras tiene una foto que pertenece al votante<\/span>\n\t\t\t\t\t\t\t\t\t<\/li>\n\t\t\t\t\t\t\t\t<li class=\"elementor-icon-list-item\">\n\t\t\t\t\t\t\t\t\t\t\t<span class=\"elementor-icon-list-icon\">\n\t\t\t\t\t\t\t<i aria-hidden=\"true\" class=\"far fa-address-card\"><\/i>\t\t\t\t\t\t<\/span>\n\t\t\t\t\t\t\t\t\t\t<span class=\"elementor-icon-list-text\">Tarjeta de Centro de Retiro<\/span>\n\t\t\t\t\t\t\t\t\t<\/li>\n\t\t\t\t\t\t\t\t<li class=\"elementor-icon-list-item\">\n\t\t\t\t\t\t\t\t\t\t\t<span class=\"elementor-icon-list-icon\">\n\t\t\t\t\t\t\t<i aria-hidden=\"true\" class=\"far fa-address-card\"><\/i>\t\t\t\t\t\t<\/span>\n\t\t\t\t\t\t\t\t\t\t<span class=\"elementor-icon-list-text\">Identificaci\u00f3n de Asociaci\u00f3n de vecinos<\/span>\n\t\t\t\t\t\t\t\t\t<\/li>\n\t\t\t\t\t\t\t\t<li class=\"elementor-icon-list-item\">\n\t\t\t\t\t\t\t\t\t\t\t<span class=\"elementor-icon-list-icon\">\n\t\t\t\t\t\t\t<i aria-hidden=\"true\" class=\"far fa-address-card\"><\/i>\t\t\t\t\t\t<\/span>\n\t\t\t\t\t\t\t\t\t\t<span class=\"elementor-icon-list-text\">Identificaci\u00f3n de Asistencia P\u00fablica<\/span>\n\t\t\t\t\t\t\t\t\t<\/li>\n\t\t\t\t\t\t\t\t<li class=\"elementor-icon-list-item\">\n\t\t\t\t\t\t\t\t\t\t\t<span class=\"elementor-icon-list-icon\">\n\t\t\t\t\t\t\t<i aria-hidden=\"true\" class=\"far fa-address-card\"><\/i>\t\t\t\t\t\t<\/span>\n\t\t\t\t\t\t\t\t\t\t<span class=\"elementor-icon-list-text\">Tarjeta de Identificaci\u00f3n de Salud para Veteranos emitida por el Departamento de Asuntos de Veteranos<\/span>\n\t\t\t\t\t\t\t\t\t<\/li>\n\t\t\t\t\t\t\t\t<li class=\"elementor-icon-list-item\">\n\t\t\t\t\t\t\t\t\t\t\t<span class=\"elementor-icon-list-icon\">\n\t\t\t\t\t\t\t<i aria-hidden=\"true\" class=\"far fa-address-card\"><\/i>\t\t\t\t\t\t<\/span>\n\t\t\t\t\t\t\t\t\t\t<span class=\"elementor-icon-list-text\">Licencia para portar un arma de fuego oculta emitida de conformidad con s. 790.06 \nTarjeta de Identificaci\u00f3n de empleado gubernamental<\/span>\n\t\t\t\t\t\t\t\t\t<\/li>\n\t\t\t\t\t\t<\/ul>\n\t\t\t\t\t\t<\/div>\n\t\t\t\t<\/div>\n\t\t\t\t<div class=\"elementor-element elementor-element-fc93965 elementor-widget elementor-widget-text-editor\" data-id=\"fc93965\" data-element_type=\"widget\" data-widget_type=\"text-editor.default\">\n\t\t\t\t<div class=\"elementor-widget-container\">\n\t\t\t\t\t\t\t\t\t<p>Si tu Identificaci\u00f3n con fotograf\u00eda no incluye tu firma, se te pedir\u00e1 presentar otra forma de identificaci\u00f3n que contenga tu firma. Si necesitas ayuda para obtener tu Identificaci\u00f3n para votar, llama a VoteRiders en el n\u00famero 844-338-8743.<\/p>\t\t\t\t\t\t\t\t<\/div>\n\t\t\t\t<\/div>\n\t\t\t\t\t<\/div>\n\t\t<\/div>\n\t\t\t\t<div class=\"elementor-column elementor-col-50 elementor-inner-column elementor-element elementor-element-238dabc\" data-id=\"238dabc\" data-element_type=\"column\">\n\t\t\t<div class=\"elementor-widget-wrap elementor-element-populated\">\n\t\t\t\t\t\t<div class=\"elementor-element elementor-element-a8c6ff5 elementor-invisible elementor-widget elementor-widget-text-editor\" data-id=\"a8c6ff5\" data-element_type=\"widget\" data-settings=\"{&quot;_animation&quot;:&quot;fadeInUp&quot;,&quot;_animation_delay&quot;:3000}\" data-widget_type=\"text-editor.default\">\n\t\t\t\t<div class=\"elementor-widget-container\">\n\t\t\t\t\t\t\t\t\t<p><strong>Para encontrar tu centro de votaci\u00f3n del D\u00eda de la Elecci\u00f3n, selecciona el condado en el que est\u00e1s inscrito para votar:<\/strong><\/p>\t\t\t\t\t\t\t\t<\/div>\n\t\t\t\t<\/div>\n\t\t\t\t<div class=\"elementor-element elementor-element-099e720 elementor-invisible elementor-widget elementor-widget-html\" data-id=\"099e720\" data-element_type=\"widget\" data-settings=\"{&quot;_animation&quot;:&quot;fadeInUp&quot;,&quot;_animation_delay&quot;:4000}\" data-no-translation=\"\" data-widget_type=\"html.default\">\n\t\t\t\t<div class=\"elementor-widget-container\">\n\t\t\t\t\t<style>.elementor-element-099e720{display:none !important}<\/style>\t\t\t\t<\/div>\n\t\t\t\t<\/div>\n\t\t\t\t<div class=\"elementor-element elementor-element-facedbd elementor-invisible elementor-widget elementor-widget-html\" data-id=\"facedbd\" data-element_type=\"widget\" data-settings=\"{&quot;_animation&quot;:&quot;fadeInUp&quot;,&quot;_animation_delay&quot;:4000}\" data-no-translation=\"\" data-widget_type=\"html.default\">\n\t\t\t\t<div class=\"elementor-widget-container\">\n\t\t\t\t\t<form action=\"http:\/\/..\/\" data-trp-original-action=\"..\/\">\n<select onchange=\"window.open(this.options[this.selectedIndex].value,'_top')\" style=\"width: 100%; -webkit-appearance: menulist-button; font-size: 20px; height: 60px;\">\n    <option value=\"\">Selecciona tu Condado...<\/option>\n    <option value=\"https:\/\/flic.vote\/es\/electionday\/alachua\">Alachua<\/option>\n    <option value=\"https:\/\/flic.vote\/es\/electionday\/baker\">Baker<\/option>\n    <option value=\"https:\/\/flic.vote\/es\/electionday\/bay\">Bay<\/option>\n    <option value=\"https:\/\/flic.vote\/es\/electionday\/bradford\">Bradford<\/option>\n    <option value=\"https:\/\/flic.vote\/es\/electionday\/brevard\">Brevard<\/option>\n    <option value=\"https:\/\/flic.vote\/es\/electionday\/broward\">Broward<\/option>\n    <option value=\"https:\/\/flic.vote\/es\/electionday\/calhoun\">Calhoun<\/option>\n    <option value=\"https:\/\/flic.vote\/es\/electionday\/charlotte\">Charlotte<\/option>\n    <option value=\"https:\/\/flic.vote\/es\/electionday\/citrus\">Citrus<\/option>\n    <option value=\"https:\/\/flic.vote\/es\/electionday\/clay\">Clay<\/option>\n    <option value=\"https:\/\/flic.vote\/es\/electionday\/collier\">Collier<\/option>\n    <option value=\"https:\/\/flic.vote\/es\/electionday\/columbia\">Columbia<\/option>\n    <option value=\"https:\/\/flic.vote\/es\/electionday\/desoto\">DeSoto<\/option>\n    <option value=\"https:\/\/flic.vote\/es\/electionday\/dixie\">Dixie<\/option>\n    <option value=\"https:\/\/flic.vote\/es\/electionday\/duval\">Duval<\/option>\n    <option value=\"https:\/\/flic.vote\/es\/electionday\/escambia\">Escambia<\/option>\n    <option value=\"https:\/\/www.flaglerelections.com\/For-Voters\/Find-Your-Precinct\">Flagler<\/option>\n    <option value=\"https:\/\/flic.vote\/es\/electionday\/franklin\">Franklin<\/option>\n    <option value=\"https:\/\/flic.vote\/es\/electionday\/gadsden\">Gadsden<\/option>\n    <option value=\"https:\/\/flic.vote\/es\/electionday\/gilchrist\">Gilchrist<\/option>\n    <option value=\"https:\/\/www.voteglades.com\/Voting-Info\/Polling-Locations\">Glades<\/option>\n    <option value=\"https:\/\/flic.vote\/es\/electionday\/gulf\">Gulf<\/option>\n    <option value=\"https:\/\/flic.vote\/es\/electionday\/hamilton\">Hamilton<\/option>\n    <option value=\"https:\/\/flic.vote\/es\/electionday\/hardee\">Hardee<\/option>\n    <option value=\"https:\/\/flic.vote\/es\/electionday\/hendry\">Hendry<\/option>\n    <option value=\"https:\/\/flic.vote\/es\/electionday\/hernando\">Hernando<\/option>\n    <option value=\"https:\/\/flic.vote\/es\/electionday\/highlands\">Highlands<\/option>\n    <option value=\"https:\/\/flic.vote\/es\/electionday\/hillsborough\">Hillsborough<\/option>\n    <option value=\"https:\/\/flic.vote\/es\/electionday\/holmes\">Holmes<\/option>\n    <option value=\"https:\/\/flic.vote\/es\/electionday\/indianriver\">Indian River<\/option>\n    <option value=\"https:\/\/flic.vote\/es\/electionday\/jackson\">Jackson<\/option>\n    <option value=\"https:\/\/flic.vote\/es\/electionday\/jefferson\">Jefferson<\/option>\n    <option value=\"https:\/\/flic.vote\/es\/electionday\/lafayette\">Lafayette<\/option>\n    <option value=\"https:\/\/flic.vote\/es\/electionday\/lake\">Lake<\/option>\n    <option value=\"https:\/\/flic.vote\/es\/electionday\/lee\">Lee<\/option>\n    <option value=\"https:\/\/flic.vote\/es\/electionday\/leon\">Leon<\/option>\n    <option value=\"https:\/\/flic.vote\/es\/electionday\/levy\">Levy<\/option>\n    <option value=\"https:\/\/flic.vote\/es\/electionday\/liberty\">Liberty<\/option>\n    <option value=\"https:\/\/flic.vote\/es\/electionday\/madison\">Madison<\/option>\n    <option value=\"https:\/\/flic.vote\/es\/electionday\/manatee\">Manatee<\/option>\n    <option value=\"https:\/\/flic.vote\/es\/electionday\/marion\">Marion<\/option>\n    <option value=\"https:\/\/www.martinvotes.com\/precinctfinder.aspx\">Martin<\/option>\n    <option value=\"https:\/\/flic.vote\/es\/electionday\/miami-dade\">Miami-Dade<\/option>\n    <option value=\"https:\/\/flic.vote\/es\/electionday\/monroe\">Monroe<\/option>\n    <option value=\"https:\/\/flic.vote\/es\/electionday\/nassau\">Nassau<\/option>\n    <option value=\"https:\/\/flic.vote\/es\/electionday\/okaloosa\">Okaloosa<\/option>\n    <option value=\"https:\/\/flic.vote\/es\/electionday\/okeechobee\">Okeechobee<\/option>\n    <option value=\"https:\/\/www.ocfelections.com\/voter_lookup\/FindPollingPlace.aspx\">Orange<\/option>\n    <option value=\"https:\/\/flic.vote\/es\/electionday\/osceola\">Osceola<\/option>\n    <option value=\"https:\/\/www.pbcelections.org\/precinctfinder.aspx\">Palm Beach<\/option>\n    <option value=\"https:\/\/flic.vote\/es\/electionday\/pasco\">Pasco<\/option>\n    <option value=\"https:\/\/flic.vote\/es\/electionday\/pinellas\">Pinellas<\/option>\n    <option value=\"https:\/\/flic.vote\/es\/electionday\/polk\">Polk<\/option>\n    <option value=\"https:\/\/flic.vote\/es\/electionday\/putnam\">Putnam<\/option>\n    <option value=\"https:\/\/flic.vote\/es\/electionday\/santarosa\">Santa Rosa<\/option>\n    <option value=\"https:\/\/www.sarasotavotes.com\/precinctfinder.aspx\">Sarasota<\/option>\n    <option value=\"https:\/\/flic.vote\/es\/electionday\/seminole\">Seminole<\/option>\n    <option value=\"https:\/\/flic.vote\/es\/electionday\/stjohns\">St. Johns<\/option>\n    <option value=\"https:\/\/flic.vote\/es\/electionday\/stlucie\">St. Lucie<\/option>\n    <option value=\"https:\/\/flic.vote\/es\/electionday\/sumter\">Sumter<\/option>\n    <option value=\"https:\/\/flic.vote\/es\/electionday\/suwannee\">Suwannee<\/option>\n    <option value=\"https:\/\/flic.vote\/es\/electionday\/taylor\">Taylor<\/option>\n    <option value=\"https:\/\/flic.vote\/es\/electionday\/union\">Union<\/option>\n    <option value=\"https:\/\/flic.vote\/es\/electionday\/volusia\">Volusia<\/option>\n    <option value=\"https:\/\/flic.vote\/es\/electionday\/wakulla\">Wakulla<\/option>\n    <option value=\"https:\/\/flic.vote\/es\/electionday\/walton\">Walton<\/option>\n    <option value=\"https:\/\/flic.vote\/es\/electionday\/washington\">Washington<\/option>\n<\/select>\n<input type=\"hidden\" name=\"trp-form-language\" value=\"es\"\/><\/form>\t\t\t\t<\/div>\n\t\t\t\t<\/div>\n\t\t\t\t<div class=\"elementor-element elementor-element-2e1c298 elementor-invisible elementor-widget elementor-widget-html\" data-id=\"2e1c298\" data-element_type=\"widget\" data-settings=\"{&quot;_animation&quot;:&quot;fadeInUp&quot;,&quot;_animation_delay&quot;:4000}\" data-no-translation=\"\" data-widget_type=\"html.default\">\n\t\t\t\t<div class=\"elementor-widget-container\">\n\t\t\t\t\t<style>.elementor-element-2e1c298{display:none !important}<\/style>\t\t\t\t<\/div>\n\t\t\t\t<\/div>\n\t\t\t\t\t<\/div>\n\t\t<\/div>\n\t\t\t\t\t<\/div>\n\t\t<\/section>\n\t\t\t\t\t<\/div>\n\t\t<\/div>\n\t\t\t\t\t<\/div>\n\t\t<\/section>\n\t\t\t\t<section class=\"elementor-section elementor-top-section elementor-element elementor-element-240cd93 elementor-section-boxed elementor-section-height-default elementor-section-height-default\" data-id=\"240cd93\" data-element_type=\"section\">\n\t\t\t\t\t\t<div class=\"elementor-container elementor-column-gap-default\">\n\t\t\t\t\t<div class=\"elementor-column elementor-col-100 elementor-top-column elementor-element elementor-element-e0d9c94\" data-id=\"e0d9c94\" data-element_type=\"column\">\n\t\t\t<div class=\"elementor-widget-wrap elementor-element-populated\">\n\t\t\t\t\t\t<div class=\"elementor-element elementor-element-f510505 elementor-icon-list--layout-inline elementor-align-center elementor-list-item-link-full_width elementor-widget elementor-widget-icon-list\" data-id=\"f510505\" data-element_type=\"widget\" data-widget_type=\"icon-list.default\">\n\t\t\t\t<div class=\"elementor-widget-container\">\n\t\t\t\t\t\t\t<ul class=\"elementor-icon-list-items elementor-inline-items\">\n\t\t\t\t\t\t\t<li class=\"elementor-icon-list-item elementor-inline-item\">\n\t\t\t\t\t\t\t\t\t\t\t<a href=\"\/\">\n\n\t\t\t\t\t\t\t\t\t\t\t\t<span class=\"elementor-icon-list-icon\">\n\t\t\t\t\t\t\t<i aria-hidden=\"true\" class=\"fas fa-arrow-circle-left\"><\/i>\t\t\t\t\t\t<\/span>\n\t\t\t\t\t\t\t\t\t\t<span class=\"elementor-icon-list-text\">Regresa a opciones de voto<\/span>\n\t\t\t\t\t\t\t\t\t\t\t<\/a>\n\t\t\t\t\t\t\t\t\t<\/li>\n\t\t\t\t\t\t<\/ul>\n\t\t\t\t\t\t<\/div>\n\t\t\t\t<\/div>\n\t\t\t\t\t<\/div>\n\t\t<\/div>\n\t\t\t\t\t<\/div>\n\t\t<\/section>\n\t\t\t\t<\/div>","protected":false},"excerpt":{"rendered":"<p>Las urnas estar\u00e1n abiertas desde las 7:00 a. m. hasta las 7:00 p. m. el d\u00eda de las elecciones. Todos los votantes que est\u00e9n esperando en la fila a las 7:00 p. m. tendr\u00e1n la oportunidad de emitir su voto. En 2024, el d\u00eda de las elecciones primarias ser\u00e1 el martes 20 de agosto y el d\u00eda de las elecciones generales ser\u00e1 el martes 5 de noviembre. En su lugar de votaci\u00f3n designado, se le pedir\u00e1 que [\u2026]<\/p>","protected":false},"author":1,"featured_media":0,"parent":0,"menu_order":0,"comment_status":"closed","ping_status":"closed","template":"","meta":{"footnotes":""},"categories":[],"tags":[],"class_list":["post-131","page","type-page","status-publish","hentry"],"yoast_head":"<!-- This site is optimized with the Yoast SEO plugin v25.9 - https:\/\/yoast.com\/wordpress\/plugins\/seo\/ -->\n<title>Vote on Election Day - Teach Vote Rise<\/title>\n<meta name=\"robots\" content=\"index, follow, max-snippet:-1, max-image-preview:large, max-video-preview:-1\" \/>\n<link rel=\"canonical\" href=\"https:\/\/flic.vote\/es\/electionday\/\" \/>\n<meta property=\"og:locale\" content=\"es_MX\" \/>\n<meta property=\"og:type\" content=\"article\" \/>\n<meta property=\"og:title\" content=\"Vote on Election Day - Teach Vote Rise\" \/>\n<meta property=\"og:description\" content=\"The polls are open from 7 a.m. until 7 p.m on Election Day. Any voters waiting in line at 7:00 p.m. will have the opportunity to cast a ballot. In 2024, Primary Election Day is Tuesday, August 20th, and General Election Day is Tuesday, November 5th.\u00a0 At your designated polling location, you will be asked [&hellip;]\" \/>\n<meta property=\"og:url\" content=\"https:\/\/flic.vote\/es\/electionday\/\" \/>\n<meta property=\"og:site_name\" content=\"Teach Vote Rise\" \/>\n<meta property=\"article:publisher\" content=\"https:\/\/www.facebook.com\/FloridaImmigrantCoalition\" \/>\n<meta property=\"article:modified_time\" content=\"2024-08-12T14:24:14+00:00\" \/>\n<meta property=\"og:image\" content=\"https:\/\/flic.vote\/wp-content\/uploads\/2020\/05\/flic-votes-fb.jpg\" \/>\n\t<meta property=\"og:image:width\" content=\"1200\" \/>\n\t<meta property=\"og:image:height\" content=\"630\" \/>\n\t<meta property=\"og:image:type\" content=\"image\/jpeg\" \/>\n<meta name=\"twitter:card\" content=\"summary_large_image\" \/>\n<meta name=\"twitter:site\" content=\"@FLImmigrant\" \/>\n<meta name=\"twitter:label1\" content=\"Tiempo de lectura\" \/>\n\t<meta name=\"twitter:data1\" content=\"2 minutos\" \/>\n<script type=\"application\/ld+json\" class=\"yoast-schema-graph\">{\"@context\":\"https:\/\/schema.org\",\"@graph\":[{\"@type\":\"WebPage\",\"@id\":\"https:\/\/flic.vote\/es\/electionday\/\",\"url\":\"https:\/\/flic.vote\/es\/electionday\/\",\"name\":\"Vote on Election Day - Teach Vote Rise\",\"isPartOf\":{\"@id\":\"https:\/\/flic.vote\/es\/#website\"},\"datePublished\":\"2020-03-30T19:27:45+00:00\",\"dateModified\":\"2024-08-12T14:24:14+00:00\",\"breadcrumb\":{\"@id\":\"https:\/\/flic.vote\/es\/electionday\/#breadcrumb\"},\"inLanguage\":\"es\",\"potentialAction\":[{\"@type\":\"ReadAction\",\"target\":[\"https:\/\/flic.vote\/es\/electionday\/\"]}]},{\"@type\":\"BreadcrumbList\",\"@id\":\"https:\/\/flic.vote\/es\/electionday\/#breadcrumb\",\"itemListElement\":[{\"@type\":\"ListItem\",\"position\":1,\"name\":\"Home\",\"item\":\"https:\/\/flic.vote\/ht\/\"},{\"@type\":\"ListItem\",\"position\":2,\"name\":\"Vote on Election Day\"}]},{\"@type\":\"WebSite\",\"@id\":\"https:\/\/flic.vote\/es\/#website\",\"url\":\"https:\/\/flic.vote\/es\/\",\"name\":\"Teach Vote Rise\",\"description\":\"\",\"publisher\":{\"@id\":\"https:\/\/flic.vote\/es\/#organization\"},\"potentialAction\":[{\"@type\":\"SearchAction\",\"target\":{\"@type\":\"EntryPoint\",\"urlTemplate\":\"https:\/\/flic.vote\/es\/?s={search_term_string}\"},\"query-input\":{\"@type\":\"PropertyValueSpecification\",\"valueRequired\":true,\"valueName\":\"search_term_string\"}}],\"inLanguage\":\"es\"},{\"@type\":\"Organization\",\"@id\":\"https:\/\/flic.vote\/es\/#organization\",\"name\":\"FLIC Vote\",\"url\":\"https:\/\/flic.vote\/es\/\",\"logo\":{\"@type\":\"ImageObject\",\"inLanguage\":\"es\",\"@id\":\"https:\/\/flic.vote\/es\/#\/schema\/logo\/image\/\",\"url\":\"https:\/\/flic.vote\/wp-content\/uploads\/2020\/04\/flic-logo-web.png\",\"contentUrl\":\"https:\/\/flic.vote\/wp-content\/uploads\/2020\/04\/flic-logo-web.png\",\"width\":454,\"height\":420,\"caption\":\"FLIC Vote\"},\"image\":{\"@id\":\"https:\/\/flic.vote\/es\/#\/schema\/logo\/image\/\"},\"sameAs\":[\"https:\/\/www.facebook.com\/FloridaImmigrantCoalition\",\"https:\/\/x.com\/FLImmigrant\"]}]}<\/script>\n<!-- \/ Yoast SEO plugin. -->","yoast_head_json":{"title":"Vote on Election Day - Teach Vote Rise","robots":{"index":"index","follow":"follow","max-snippet":"max-snippet:-1","max-image-preview":"max-image-preview:large","max-video-preview":"max-video-preview:-1"},"canonical":"https:\/\/flic.vote\/es\/electionday\/","og_locale":"es_MX","og_type":"article","og_title":"Vote on Election Day - Teach Vote Rise","og_description":"The polls are open from 7 a.m. until 7 p.m on Election Day. Any voters waiting in line at 7:00 p.m. will have the opportunity to cast a ballot. In 2024, Primary Election Day is Tuesday, August 20th, and General Election Day is Tuesday, November 5th.\u00a0 At your designated polling location, you will be asked [&hellip;]","og_url":"https:\/\/flic.vote\/es\/electionday\/","og_site_name":"Teach Vote Rise","article_publisher":"https:\/\/www.facebook.com\/FloridaImmigrantCoalition","article_modified_time":"2024-08-12T14:24:14+00:00","og_image":[{"width":1200,"height":630,"url":"https:\/\/flic.vote\/wp-content\/uploads\/2020\/05\/flic-votes-fb.jpg","type":"image\/jpeg"}],"twitter_card":"summary_large_image","twitter_site":"@FLImmigrant","twitter_misc":{"Tiempo de lectura":"2 minutos"},"schema":{"@context":"https:\/\/schema.org","@graph":[{"@type":"WebPage","@id":"https:\/\/flic.vote\/es\/electionday\/","url":"https:\/\/flic.vote\/es\/electionday\/","name":"Vote on Election Day - Teach Vote Rise","isPartOf":{"@id":"https:\/\/flic.vote\/es\/#website"},"datePublished":"2020-03-30T19:27:45+00:00","dateModified":"2024-08-12T14:24:14+00:00","breadcrumb":{"@id":"https:\/\/flic.vote\/es\/electionday\/#breadcrumb"},"inLanguage":"es","potentialAction":[{"@type":"ReadAction","target":["https:\/\/flic.vote\/es\/electionday\/"]}]},{"@type":"BreadcrumbList","@id":"https:\/\/flic.vote\/es\/electionday\/#breadcrumb","itemListElement":[{"@type":"ListItem","position":1,"name":"Home","item":"https:\/\/flic.vote\/ht\/"},{"@type":"ListItem","position":2,"name":"Vote on Election Day"}]},{"@type":"WebSite","@id":"https:\/\/flic.vote\/es\/#website","url":"https:\/\/flic.vote\/es\/","name":"Ense\u00f1ar Vote Rise","description":"","publisher":{"@id":"https:\/\/flic.vote\/es\/#organization"},"potentialAction":[{"@type":"SearchAction","target":{"@type":"EntryPoint","urlTemplate":"https:\/\/flic.vote\/es\/?s={search_term_string}"},"query-input":{"@type":"PropertyValueSpecification","valueRequired":true,"valueName":"search_term_string"}}],"inLanguage":"es"},{"@type":"Organization","@id":"https:\/\/flic.vote\/es\/#organization","name":"Voto FLIC","url":"https:\/\/flic.vote\/es\/","logo":{"@type":"ImageObject","inLanguage":"es","@id":"https:\/\/flic.vote\/es\/#\/schema\/logo\/image\/","url":"https:\/\/flic.vote\/wp-content\/uploads\/2020\/04\/flic-logo-web.png","contentUrl":"https:\/\/flic.vote\/wp-content\/uploads\/2020\/04\/flic-logo-web.png","width":454,"height":420,"caption":"FLIC Vote"},"image":{"@id":"https:\/\/flic.vote\/es\/#\/schema\/logo\/image\/"},"sameAs":["https:\/\/www.facebook.com\/FloridaImmigrantCoalition","https:\/\/x.com\/FLImmigrant"]}]}},"_links":{"self":[{"href":"https:\/\/flic.vote\/es\/wp-json\/wp\/v2\/pages\/131","targetHints":{"allow":["GET"]}}],"collection":[{"href":"https:\/\/flic.vote\/es\/wp-json\/wp\/v2\/pages"}],"about":[{"href":"https:\/\/flic.vote\/es\/wp-json\/wp\/v2\/types\/page"}],"author":[{"embeddable":true,"href":"https:\/\/flic.vote\/es\/wp-json\/wp\/v2\/users\/1"}],"replies":[{"embeddable":true,"href":"https:\/\/flic.vote\/es\/wp-json\/wp\/v2\/comments?post=131"}],"version-history":[{"count":49,"href":"https:\/\/flic.vote\/es\/wp-json\/wp\/v2\/pages\/131\/revisions"}],"predecessor-version":[{"id":1718,"href":"https:\/\/flic.vote\/es\/wp-json\/wp\/v2\/pages\/131\/revisions\/1718"}],"wp:attachment":[{"href":"https:\/\/flic.vote\/es\/wp-json\/wp\/v2\/media?parent=131"}],"wp:term":[{"taxonomy":"category","embeddable":true,"href":"https:\/\/flic.vote\/es\/wp-json\/wp\/v2\/categories?post=131"},{"taxonomy":"post_tag","embeddable":true,"href":"https:\/\/flic.vote\/es\/wp-json\/wp\/v2\/tags?post=131"}],"curies":[{"name":"gracias","href":"https:\/\/api.w.org\/{rel}","templated":true}]}}