{"id":1199,"date":"2022-03-24T17:46:43","date_gmt":"2022-03-24T17:46:43","guid":{"rendered":"https:\/\/flic.vote\/?page_id=1199"},"modified":"2025-09-10T17:54:16","modified_gmt":"2025-09-10T17:54:16","slug":"bymail-2","status":"publish","type":"page","link":"https:\/\/flic.vote\/es\/bymail\/","title":{"rendered":"Reg\u00edstrese para votar por correo"},"content":{"rendered":"<div data-elementor-type=\"wp-page\" data-elementor-id=\"1199\" class=\"elementor elementor-1199\" data-elementor-post-type=\"page\">\n\t\t\t\t\t\t<section class=\"elementor-section elementor-top-section elementor-element elementor-element-ebcac06 elementor-section-full_width elementor-section-height-default elementor-section-height-default\" data-id=\"ebcac06\" data-element_type=\"section\" data-e-type=\"section\">\n\t\t\t\t\t\t<div class=\"elementor-container elementor-column-gap-default\">\n\t\t\t\t\t<div class=\"elementor-column elementor-col-100 elementor-top-column elementor-element elementor-element-07f9760\" data-id=\"07f9760\" data-element_type=\"column\" data-e-type=\"column\">\n\t\t\t<div class=\"elementor-widget-wrap elementor-element-populated\">\n\t\t\t\t\t\t<section class=\"elementor-section elementor-inner-section elementor-element elementor-element-8f3f90c elementor-section-boxed elementor-section-height-default elementor-section-height-default\" data-id=\"8f3f90c\" data-element_type=\"section\" data-e-type=\"section\">\n\t\t\t\t\t\t<div class=\"elementor-container elementor-column-gap-default\">\n\t\t\t\t\t<div class=\"elementor-column elementor-col-50 elementor-inner-column elementor-element elementor-element-089e79d\" data-id=\"089e79d\" data-element_type=\"column\" data-e-type=\"column\">\n\t\t\t<div class=\"elementor-widget-wrap elementor-element-populated\">\n\t\t\t\t\t\t<div class=\"elementor-element elementor-element-a0e4ed9 elementor-widget elementor-widget-text-editor\" data-id=\"a0e4ed9\" data-element_type=\"widget\" data-e-type=\"widget\" data-widget_type=\"text-editor.default\">\n\t\t\t\t<div class=\"elementor-widget-container\">\n\t\t\t\t\t\t\t\t\t<p>\u00a1Prep\u00e1rese para el \u00e9xito! Renueve su solicitud de voto por correo ahora y aseg\u00farese de poder emitir su voto por correo en las pr\u00f3ximas elecciones.<\/p><p><strong><span style=\"text-decoration: underline;\">Nota:<\/span> TODAS las solicitudes de voto por correo de Florida expiraron el 31 de diciembre de 2024.<\/strong> Debe renovar su solicitud para continuar votando por correo.<\/p>\t\t\t\t\t\t\t\t<\/div>\n\t\t\t\t<\/div>\n\t\t\t\t<div class=\"elementor-element elementor-element-19b012f elementor-widget elementor-widget-text-editor\" data-id=\"19b012f\" data-element_type=\"widget\" data-e-type=\"widget\" data-widget_type=\"text-editor.default\">\n\t\t\t\t<div class=\"elementor-widget-container\">\n\t\t\t\t\t\t\t\t\t<p>Para votar por correo, selecciona tu condado y llena el formulario. Ser\u00e1s redirigido a la p\u00e1gina oficial de Voto por Correo del condado al que perteneces, donde deber\u00e1s completar el proceso para recibir tu papeleta de votaci\u00f3n en casa.<\/p><p>Las boletas de votaci\u00f3n por correo deben recibirse antes del d\u00eda de la elecci\u00f3n. Aseg\u00farese de que su voto se cuente enviando su boleta por correo al supervisor electoral de su condado con anticipaci\u00f3n y luego <a href=\"https:\/\/dos.fl.gov\/elections\/for-voters\/check-your-voter-status-and-polling-place\/vote-by-mail-ballot-information-and-status-lookup\/\" target=\"_blank\" rel=\"noopener\">rastrearlo en l\u00ednea<\/a> \u00a1Para asegurarse de que cuente!<\/p>\t\t\t\t\t\t\t\t<\/div>\n\t\t\t\t<\/div>\n\t\t\t\t\t<\/div>\n\t\t<\/div>\n\t\t\t\t<div class=\"elementor-column elementor-col-50 elementor-inner-column elementor-element elementor-element-6f8bc9c\" data-id=\"6f8bc9c\" data-element_type=\"column\" data-e-type=\"column\">\n\t\t\t<div class=\"elementor-widget-wrap elementor-element-populated\">\n\t\t\t\t\t\t<div class=\"elementor-element elementor-element-3f92d58 elementor-widget elementor-widget-html\" data-id=\"3f92d58\" data-element_type=\"widget\" data-e-type=\"widget\" data-no-translation=\"\" data-widget_type=\"html.default\">\n\t\t\t\t<div class=\"elementor-widget-container\">\n\t\t\t\t\t<style>.elementor-element-3f92d58{display:none !important}<\/style>\t\t\t\t<\/div>\n\t\t\t\t<\/div>\n\t\t\t\t<div class=\"elementor-element elementor-element-d07f4df elementor-widget elementor-widget-html\" data-id=\"d07f4df\" data-element_type=\"widget\" data-e-type=\"widget\" data-no-translation=\"\" data-widget_type=\"html.default\">\n\t\t\t\t<div class=\"elementor-widget-container\">\n\t\t\t\t\t<link rel='preload' href='https:\/\/static.everyaction.com\/ea-actiontag\/at.js' as='script' crossorigin='anonymous'>\n <link rel='preload' href='https:\/\/static.everyaction.com\/ea-actiontag\/at.min.css' as='style'>\n <script type='text\/javascript' src='https:\/\/static.everyaction.com\/ea-actiontag\/at.js' crossorigin='anonymous'><\/script>\n <div class=\"ngp-form\"\n     data-form-url=\"https:\/\/secure.everyaction.com\/v1\/Forms\/BQK4xyjIKk2fLiAbCwlepQ2\"\n     data-fastaction-endpoint=\"https:\/\/fastaction.ngpvan.com\"\n     data-inline-errors=\"true\"\n     data-fastaction-nologin=\"true\"\n     data-databag-endpoint=\"https:\/\/profile.ngpvan.com\"\n     data-databag=\"everybody\"\n          data-mobile-autofocus=\"false\">\n<\/div>\t\t\t\t<\/div>\n\t\t\t\t<\/div>\n\t\t\t\t<div class=\"elementor-element elementor-element-d9d84e1 elementor-widget elementor-widget-html\" data-id=\"d9d84e1\" data-element_type=\"widget\" data-e-type=\"widget\" data-no-translation=\"\" data-widget_type=\"html.default\">\n\t\t\t\t<div class=\"elementor-widget-container\">\n\t\t\t\t\t<style>.elementor-element-d9d84e1{display:none !important}<\/style>\t\t\t\t<\/div>\n\t\t\t\t<\/div>\n\t\t\t\t\t<\/div>\n\t\t<\/div>\n\t\t\t\t\t<\/div>\n\t\t<\/section>\n\t\t\t\t<section class=\"elementor-section elementor-inner-section elementor-element elementor-element-55c0243 elementor-section-boxed elementor-section-height-default elementor-section-height-default\" data-id=\"55c0243\" data-element_type=\"section\" data-e-type=\"section\">\n\t\t\t\t\t\t<div class=\"elementor-container elementor-column-gap-default\">\n\t\t\t\t\t<div class=\"elementor-column elementor-col-100 elementor-inner-column elementor-element elementor-element-7fb8660\" data-id=\"7fb8660\" data-element_type=\"column\" data-e-type=\"column\">\n\t\t\t<div class=\"elementor-widget-wrap elementor-element-populated\">\n\t\t\t\t\t\t<div class=\"elementor-element elementor-element-2b0114c elementor-icon-list--layout-inline elementor-align-center elementor-list-item-link-full_width elementor-widget elementor-widget-icon-list\" data-id=\"2b0114c\" data-element_type=\"widget\" data-e-type=\"widget\" data-widget_type=\"icon-list.default\">\n\t\t\t\t<div class=\"elementor-widget-container\">\n\t\t\t\t\t\t\t<ul class=\"elementor-icon-list-items elementor-inline-items\">\n\t\t\t\t\t\t\t<li class=\"elementor-icon-list-item elementor-inline-item\">\n\t\t\t\t\t\t\t\t\t\t\t<a href=\"\/\">\n\n\t\t\t\t\t\t\t\t\t\t\t\t<span class=\"elementor-icon-list-icon\">\n\t\t\t\t\t\t\t<i aria-hidden=\"true\" class=\"fas fa-arrow-circle-left\"><\/i>\t\t\t\t\t\t<\/span>\n\t\t\t\t\t\t\t\t\t\t<span class=\"elementor-icon-list-text\">Regresa a opciones de voto<\/span>\n\t\t\t\t\t\t\t\t\t\t\t<\/a>\n\t\t\t\t\t\t\t\t\t<\/li>\n\t\t\t\t\t\t<\/ul>\n\t\t\t\t\t\t<\/div>\n\t\t\t\t<\/div>\n\t\t\t\t\t<\/div>\n\t\t<\/div>\n\t\t\t\t\t<\/div>\n\t\t<\/section>\n\t\t\t\t\t<\/div>\n\t\t<\/div>\n\t\t\t\t\t<\/div>\n\t\t<\/section>\n\t\t\t\t<section class=\"elementor-section elementor-top-section elementor-element elementor-element-7d78911 elementor-section-boxed elementor-section-height-default elementor-section-height-default\" data-id=\"7d78911\" data-element_type=\"section\" data-e-type=\"section\">\n\t\t\t\t\t\t<div class=\"elementor-container elementor-column-gap-default\">\n\t\t\t\t\t<div class=\"elementor-column elementor-col-100 elementor-top-column elementor-element elementor-element-1bb1d38\" data-id=\"1bb1d38\" data-element_type=\"column\" data-e-type=\"column\">\n\t\t\t<div class=\"elementor-widget-wrap elementor-element-populated\">\n\t\t\t\t\t\t<div class=\"elementor-element elementor-element-b115152 elementor-widget elementor-widget-html\" data-id=\"b115152\" data-element_type=\"widget\" data-e-type=\"widget\" data-widget_type=\"html.default\">\n\t\t\t\t<div class=\"elementor-widget-container\">\n\t\t\t\t\t<div id=\"map\" style=\"display:none;\"><\/div>\n\n<script>\n\/*\n$(document).ready(function() {\n    setTimeout(function() {\n        console.log('trigger!')\n        if (window.location.href.indexOf(\"\/es\/\") > -1) {\n            var text = $(\"label#NVSignupForm1227798-ContactInformation-FirstName\").text();\n            text = text.replace(\"First Name\", \"Pimero Nombre\");\n            $(\"label#NVSignupForm1227798-ContactInformation-FirstName\").text(text);\n        }\n   }, 5000);\n});\n*\/\n\nsetTimeout(function(){\n    $(\"body\").on(\"click\", \"input.at-submit\", function(){\n        console.log(\"Form Scripts Loaded\");\n        if (window.location.href.indexOf(\"\/es\/\") >= 0) {\n            var county = $('#NVSignupForm1250376-AdditionalInformation-CustomFormFieldQuestion_2590331166217783_MappedCustomFormFieldQuestion_1294-select option:selected').text();\n            var countySlug = \"\/es\/bymail\/\" + county.toLowerCase();\n        } else if (window.location.href.indexOf(\"\/hat\/\") >= 0) {\n            var county = $('#NVSignupForm1250383-AdditionalInformation-CustomFormFieldQuestion_2590331166217783_MappedCustomFormFieldQuestion_1294-select option:selected').text();\n            var countySlug = \"\/hat\/bymail\/\" + county.toLowerCase();\n        } else {\n            var county = $('#NVSignupForm1227798-AdditionalInformation-CustomFormFieldQuestion_2590331166217783_MappedCustomFormFieldQuestion_1294-select option:selected').text();\n            var countySlug = \"\/bymail\/\" + county.toLowerCase();\n        }\n        console.log(countySlug);\n        \/\/redirect\n        window.location.href = countySlug;\n    });\n}, 3000);\n<\/script>\t\t\t\t<\/div>\n\t\t\t\t<\/div>\n\t\t\t\t\t<\/div>\n\t\t<\/div>\n\t\t\t\t\t<\/div>\n\t\t<\/section>\n\t\t\t\t<\/div>","protected":false},"excerpt":{"rendered":"<p>Set yourself up for success! Renew your Vote By Mail request now, and ensure you are able to cast your mail ballot during the next election! Note: ALL of Florida\u2019s Vote By Mail requests expired as of December 31, 2024. You must renew your request to continue to vote by mail. To vote by mail, [&hellip;]<\/p>\n","protected":false},"author":1,"featured_media":0,"parent":0,"menu_order":0,"comment_status":"closed","ping_status":"closed","template":"","meta":{"footnotes":""},"categories":[],"tags":[],"class_list":["post-1199","page","type-page","status-publish","hentry"],"yoast_head":"<!-- This site is optimized with the Yoast SEO plugin v27.5 - https:\/\/yoast.com\/product\/yoast-seo-wordpress\/ -->\n<title>Sign Up To Vote By Mail - Teach Vote Rise<\/title>\n<meta name=\"robots\" content=\"index, follow, max-snippet:-1, max-image-preview:large, max-video-preview:-1\" \/>\n<link rel=\"canonical\" href=\"https:\/\/flic.vote\/es\/bymail\/\" \/>\n<meta property=\"og:locale\" content=\"es_MX\" \/>\n<meta property=\"og:type\" content=\"article\" \/>\n<meta property=\"og:title\" content=\"Sign Up To Vote By Mail - Teach Vote Rise\" \/>\n<meta property=\"og:description\" content=\"Set yourself up for success! Renew your Vote By Mail request now, and ensure you are able to cast your mail ballot during the next election! Note: ALL of Florida\u2019s Vote By Mail requests expired as of December 31, 2024. You must renew your request to continue to vote by mail. To vote by mail, [&hellip;]\" \/>\n<meta property=\"og:url\" content=\"https:\/\/flic.vote\/es\/bymail\/\" \/>\n<meta property=\"og:site_name\" content=\"Teach Vote Rise\" \/>\n<meta property=\"article:publisher\" content=\"https:\/\/www.facebook.com\/FloridaImmigrantCoalition\" \/>\n<meta property=\"article:modified_time\" content=\"2025-09-10T17:54:16+00:00\" \/>\n<meta property=\"og:image\" content=\"https:\/\/flic.vote\/wp-content\/uploads\/2020\/05\/flic-votes-fb.jpg\" \/>\n\t<meta property=\"og:image:width\" content=\"1200\" \/>\n\t<meta property=\"og:image:height\" content=\"630\" \/>\n\t<meta property=\"og:image:type\" content=\"image\/jpeg\" \/>\n<meta name=\"twitter:card\" content=\"summary_large_image\" \/>\n<meta name=\"twitter:site\" content=\"@FLImmigrant\" \/>\n<meta name=\"twitter:label1\" content=\"Tiempo de lectura\" \/>\n\t<meta name=\"twitter:data1\" content=\"2 minutos\" \/>\n<script type=\"application\/ld+json\" class=\"yoast-schema-graph\">{\"@context\":\"https:\\\/\\\/schema.org\",\"@graph\":[{\"@type\":\"WebPage\",\"@id\":\"https:\\\/\\\/flic.vote\\\/es\\\/bymail\\\/\",\"url\":\"https:\\\/\\\/flic.vote\\\/es\\\/bymail\\\/\",\"name\":\"Sign Up To Vote By Mail - Teach Vote Rise\",\"isPartOf\":{\"@id\":\"https:\\\/\\\/flic.vote\\\/es\\\/#website\"},\"datePublished\":\"2022-03-24T17:46:43+00:00\",\"dateModified\":\"2025-09-10T17:54:16+00:00\",\"breadcrumb\":{\"@id\":\"https:\\\/\\\/flic.vote\\\/es\\\/bymail\\\/#breadcrumb\"},\"inLanguage\":\"es\",\"potentialAction\":[{\"@type\":\"ReadAction\",\"target\":[\"https:\\\/\\\/flic.vote\\\/es\\\/bymail\\\/\"]}]},{\"@type\":\"BreadcrumbList\",\"@id\":\"https:\\\/\\\/flic.vote\\\/es\\\/bymail\\\/#breadcrumb\",\"itemListElement\":[{\"@type\":\"ListItem\",\"position\":1,\"name\":\"Home\",\"item\":\"https:\\\/\\\/flic.vote\\\/es\\\/\"},{\"@type\":\"ListItem\",\"position\":2,\"name\":\"Sign Up To Vote By Mail\"}]},{\"@type\":\"WebSite\",\"@id\":\"https:\\\/\\\/flic.vote\\\/es\\\/#website\",\"url\":\"https:\\\/\\\/flic.vote\\\/es\\\/\",\"name\":\"Teach Vote Rise\",\"description\":\"\",\"publisher\":{\"@id\":\"https:\\\/\\\/flic.vote\\\/es\\\/#organization\"},\"potentialAction\":[{\"@type\":\"SearchAction\",\"target\":{\"@type\":\"EntryPoint\",\"urlTemplate\":\"https:\\\/\\\/flic.vote\\\/es\\\/?s={search_term_string}\"},\"query-input\":{\"@type\":\"PropertyValueSpecification\",\"valueRequired\":true,\"valueName\":\"search_term_string\"}}],\"inLanguage\":\"es\"},{\"@type\":\"Organization\",\"@id\":\"https:\\\/\\\/flic.vote\\\/es\\\/#organization\",\"name\":\"FLIC Vote\",\"url\":\"https:\\\/\\\/flic.vote\\\/es\\\/\",\"logo\":{\"@type\":\"ImageObject\",\"inLanguage\":\"es\",\"@id\":\"https:\\\/\\\/flic.vote\\\/es\\\/#\\\/schema\\\/logo\\\/image\\\/\",\"url\":\"https:\\\/\\\/flic.vote\\\/wp-content\\\/uploads\\\/2020\\\/04\\\/flic-logo-web.png\",\"contentUrl\":\"https:\\\/\\\/flic.vote\\\/wp-content\\\/uploads\\\/2020\\\/04\\\/flic-logo-web.png\",\"width\":454,\"height\":420,\"caption\":\"FLIC Vote\"},\"image\":{\"@id\":\"https:\\\/\\\/flic.vote\\\/es\\\/#\\\/schema\\\/logo\\\/image\\\/\"},\"sameAs\":[\"https:\\\/\\\/www.facebook.com\\\/FloridaImmigrantCoalition\",\"https:\\\/\\\/x.com\\\/FLImmigrant\"]}]}<\/script>\n<!-- \/ Yoast SEO plugin. -->","yoast_head_json":{"title":"Sign Up To Vote By Mail - Teach Vote Rise","robots":{"index":"index","follow":"follow","max-snippet":"max-snippet:-1","max-image-preview":"max-image-preview:large","max-video-preview":"max-video-preview:-1"},"canonical":"https:\/\/flic.vote\/es\/bymail\/","og_locale":"es_MX","og_type":"article","og_title":"Sign Up To Vote By Mail - Teach Vote Rise","og_description":"Set yourself up for success! Renew your Vote By Mail request now, and ensure you are able to cast your mail ballot during the next election! Note: ALL of Florida\u2019s Vote By Mail requests expired as of December 31, 2024. You must renew your request to continue to vote by mail. To vote by mail, [&hellip;]","og_url":"https:\/\/flic.vote\/es\/bymail\/","og_site_name":"Teach Vote Rise","article_publisher":"https:\/\/www.facebook.com\/FloridaImmigrantCoalition","article_modified_time":"2025-09-10T17:54:16+00:00","og_image":[{"width":1200,"height":630,"url":"https:\/\/flic.vote\/wp-content\/uploads\/2020\/05\/flic-votes-fb.jpg","type":"image\/jpeg"}],"twitter_card":"summary_large_image","twitter_site":"@FLImmigrant","twitter_misc":{"Tiempo de lectura":"2 minutos"},"schema":{"@context":"https:\/\/schema.org","@graph":[{"@type":"WebPage","@id":"https:\/\/flic.vote\/es\/bymail\/","url":"https:\/\/flic.vote\/es\/bymail\/","name":"Sign Up To Vote By Mail - Teach Vote Rise","isPartOf":{"@id":"https:\/\/flic.vote\/es\/#website"},"datePublished":"2022-03-24T17:46:43+00:00","dateModified":"2025-09-10T17:54:16+00:00","breadcrumb":{"@id":"https:\/\/flic.vote\/es\/bymail\/#breadcrumb"},"inLanguage":"es","potentialAction":[{"@type":"ReadAction","target":["https:\/\/flic.vote\/es\/bymail\/"]}]},{"@type":"BreadcrumbList","@id":"https:\/\/flic.vote\/es\/bymail\/#breadcrumb","itemListElement":[{"@type":"ListItem","position":1,"name":"Home","item":"https:\/\/flic.vote\/es\/"},{"@type":"ListItem","position":2,"name":"Sign Up To Vote By Mail"}]},{"@type":"WebSite","@id":"https:\/\/flic.vote\/es\/#website","url":"https:\/\/flic.vote\/es\/","name":"Ense\u00f1ar Vote Rise","description":"","publisher":{"@id":"https:\/\/flic.vote\/es\/#organization"},"potentialAction":[{"@type":"SearchAction","target":{"@type":"EntryPoint","urlTemplate":"https:\/\/flic.vote\/es\/?s={search_term_string}"},"query-input":{"@type":"PropertyValueSpecification","valueRequired":true,"valueName":"search_term_string"}}],"inLanguage":"es"},{"@type":"Organization","@id":"https:\/\/flic.vote\/es\/#organization","name":"Voto FLIC","url":"https:\/\/flic.vote\/es\/","logo":{"@type":"ImageObject","inLanguage":"es","@id":"https:\/\/flic.vote\/es\/#\/schema\/logo\/image\/","url":"https:\/\/flic.vote\/wp-content\/uploads\/2020\/04\/flic-logo-web.png","contentUrl":"https:\/\/flic.vote\/wp-content\/uploads\/2020\/04\/flic-logo-web.png","width":454,"height":420,"caption":"FLIC Vote"},"image":{"@id":"https:\/\/flic.vote\/es\/#\/schema\/logo\/image\/"},"sameAs":["https:\/\/www.facebook.com\/FloridaImmigrantCoalition","https:\/\/x.com\/FLImmigrant"]}]}},"_links":{"self":[{"href":"https:\/\/flic.vote\/es\/wp-json\/wp\/v2\/pages\/1199","targetHints":{"allow":["GET"]}}],"collection":[{"href":"https:\/\/flic.vote\/es\/wp-json\/wp\/v2\/pages"}],"about":[{"href":"https:\/\/flic.vote\/es\/wp-json\/wp\/v2\/types\/page"}],"author":[{"embeddable":true,"href":"https:\/\/flic.vote\/es\/wp-json\/wp\/v2\/users\/1"}],"replies":[{"embeddable":true,"href":"https:\/\/flic.vote\/es\/wp-json\/wp\/v2\/comments?post=1199"}],"version-history":[{"count":195,"href":"https:\/\/flic.vote\/es\/wp-json\/wp\/v2\/pages\/1199\/revisions"}],"predecessor-version":[{"id":1944,"href":"https:\/\/flic.vote\/es\/wp-json\/wp\/v2\/pages\/1199\/revisions\/1944"}],"wp:attachment":[{"href":"https:\/\/flic.vote\/es\/wp-json\/wp\/v2\/media?parent=1199"}],"wp:term":[{"taxonomy":"category","embeddable":true,"href":"https:\/\/flic.vote\/es\/wp-json\/wp\/v2\/categories?post=1199"},{"taxonomy":"post_tag","embeddable":true,"href":"https:\/\/flic.vote\/es\/wp-json\/wp\/v2\/tags?post=1199"}],"curies":[{"name":"gracias","href":"https:\/\/api.w.org\/{rel}","templated":true}]}}